{"id":783,"date":"2023-06-07T15:55:40","date_gmt":"2023-06-07T15:55:40","guid":{"rendered":"https:\/\/serracortinas.com\/?page_id=783"},"modified":"2023-06-19T10:24:31","modified_gmt":"2023-06-19T10:24:31","slug":"declaracion-de-accesibilidad","status":"publish","type":"page","link":"https:\/\/serracortinas.com\/en\/declaracion-de-accesibilidad\/","title":{"rendered":"Accessibility statement"},"content":{"rendered":"<style>.kb-row-layout-id_4ca2dc-b4 > .kt-row-column-wrap{align-content:start;}:where(.kb-row-layout-id_4ca2dc-b4 > .kt-row-column-wrap) > .wp-block-kadence-column{justify-content:start;}.kb-row-layout-id_4ca2dc-b4 > .kt-row-column-wrap{column-gap:var(--global-kb-gap-md, 2rem);row-gap:var(--global-kb-gap-md, 2rem);padding-top:var(--global-kb-spacing-sm, 1.5rem);padding-bottom:var(--global-kb-spacing-sm, 1.5rem);grid-template-columns:minmax(0, 1fr);}.kb-row-layout-id_4ca2dc-b4 > .kt-row-layout-overlay{opacity:0.30;}@media all and (max-width: 1024px){.kb-row-layout-id_4ca2dc-b4 > .kt-row-column-wrap{grid-template-columns:minmax(0, 1fr);}}@media all and (max-width: 767px){.kb-row-layout-id_4ca2dc-b4 > .kt-row-column-wrap{grid-template-columns:minmax(0, 1fr);}}<\/style><div class=\"kb-row-layout-wrap kb-row-layout-id_4ca2dc-b4 alignnone wp-block-kadence-rowlayout\"><div class=\"kt-row-column-wrap kt-has-1-columns kt-row-layout-equal kt-tab-layout-inherit kt-mobile-layout-row kt-row-valign-top\">\n<style>.kadence-column_7aa0eb-ed > .kt-inside-inner-col,.kadence-column_7aa0eb-ed > .kt-inside-inner-col:before{border-top-left-radius:0px;border-top-right-radius:0px;border-bottom-right-radius:0px;border-bottom-left-radius:0px;}.kadence-column_7aa0eb-ed > .kt-inside-inner-col{column-gap:var(--global-kb-gap-sm, 1rem);}.kadence-column_7aa0eb-ed > .kt-inside-inner-col{flex-direction:column;}.kadence-column_7aa0eb-ed > .kt-inside-inner-col > .aligncenter{width:100%;}.kadence-column_7aa0eb-ed > .kt-inside-inner-col:before{opacity:0.3;}.kadence-column_7aa0eb-ed{position:relative;}@media all and (max-width: 1024px){.kadence-column_7aa0eb-ed > .kt-inside-inner-col{flex-direction:column;justify-content:center;}}@media all and (max-width: 767px){.kadence-column_7aa0eb-ed > .kt-inside-inner-col{flex-direction:column;justify-content:center;}}<\/style>\n<div class=\"wp-block-kadence-column kadence-column_7aa0eb-ed\"><div class=\"kt-inside-inner-col\">\n<p>Home Serra Textil has committed to making its website accessible, in accordance with Royal Decree 1112\/2018, of September 7, on accessibility of websites and applications for mobile devices in the public sector.<\/p>\n\n\n\n<p>This accessibility statement applies to this website.<\/p>\n\n\n\n<h2 class=\"wp-block-heading\">Compliance status<\/h2>\n\n\n\n<p>This website is developed in accordance with RD 1112\/2018<\/p>\n\n\n\n<h2 class=\"wp-block-heading\">Preparation for the next accessibility statement<\/h2>\n\n\n\n<p>This statement was prepared on May 20, 2023.<\/p>\n\n\n\n<p>The method used to prepare the declaration has been a self-assessment.<\/p>\n\n\n\n<h2 class=\"wp-block-heading\">Observations and contact information<\/h2>\n\n\n\n<p>You can make communications about accessibility requirements (article 10.2.a of RD 1112\/2018) such as:<\/p>\n\n\n\n<ul class=\"wp-block-list\">\n<li>Report any possible breach by this website<\/li>\n\n\n\n<li>Transmit other content access difficulties<\/li>\n\n\n\n<li>Formulate any other query or suggestion for improvement regarding the accessibility of the website through the\u00a0<a href=\"https:\/\/serracortinas.com\/en\/contacto\/\" data-type=\"page\" data-id=\"627\">Contact Form<\/a>\u00a0of this website or through the telephone number (+34) 937 835 066 Ext. 1.<\/li>\n<\/ul>\n\n\n\n<p>You can present:<\/p>\n\n\n\n<ul class=\"wp-block-list\">\n<li>Complaint regarding compliance with the requirements of RD 1112\/2018<\/li>\n\n\n\n<li>Request for accessible information related to:\n<ul class=\"wp-block-list\">\n<li>Contents that are excluded from the scope of application of RD 1112\/2018 according to what is established in article 3, section 4<\/li>\n\n\n\n<li>Content that is exempt from compliance with accessibility requirements to impose a disproportionate burden<\/li>\n\n\n\n<li>In the Request for accessible information, the facts, reasons and the request must be specified clearly, allowing it to be verified that it is a reasonable and legitimate request.<\/li>\n<\/ul>\n<\/li>\n<\/ul>\n\n\n\n<p>Complaints and claims about accessible information will be made through the electronic headquarters (<a href=\"https:\/\/sede.red.gob.es\/procedimientos\/quejas-y-sugerencias\" target=\"_blank\" rel=\"noreferrer noopener\">https:\/\/sede.red.gob.es\/procedimientos\/quejas-y-sugerencias<\/a>), and will be received and processed by the Information Systems area of Red.es.<\/p>\n\n\n\n<h2 class=\"wp-block-heading\">Optional content<\/h2>\n\n\n\n<ul class=\"wp-block-list\">\n<li>If you want to change the font size of the text in the main graphical browsers, use the following menus:<\/li>\n\n\n\n<li>Safari: View &gt; Make text larger<\/li>\n\n\n\n<li>Chrome: Control current page &gt; Text size<\/li>\n<\/ul>\n\n\n\n<p>To resize everything on the page:<\/p>\n\n\n\n<ul class=\"wp-block-list\">\n<li>Ctrl++ to increase it<\/li>\n\n\n\n<li>Ctrl + \u2013 to decrease it<\/li>\n\n\n\n<li>Ctrl + 0 restores the original text size<\/li>\n\n\n\n<li>If what you want is to override the style sheet or modify the text color, you can consult the How to Change Text Size or Colors page of the WAI, which can be read translated into Spanish in How to change the text size or colors?<\/li>\n<\/ul>\n<\/div><\/div>\n\n<\/div><\/div>","protected":false},"excerpt":{"rendered":"<p>Home Serra Textil se ha comprometido a hacer accesible su sitio web, de conformidad con el Real Decreto 1112\/2018, de 7 de septiembre, sobre accesibilidad de los sitios web y aplicaciones para dispositivos m\u00f3viles del sector p\u00fablico. Esta declaraci\u00f3n de accesibilidad se aplica a esta web. Situaci\u00f3n de cumplimiento Este sitio web est\u00e1 desarrollado de&#8230;<\/p>","protected":false},"author":1,"featured_media":0,"parent":0,"menu_order":41,"comment_status":"closed","ping_status":"closed","template":"","meta":{"_kad_blocks_custom_css":"","_kad_blocks_head_custom_js":"","_kad_blocks_body_custom_js":"","_kad_blocks_footer_custom_js":"","_kad_post_transparent":"disable","_kad_post_title":"show","_kad_post_layout":"narrow","_kad_post_sidebar_id":"","_kad_post_content_style":"","_kad_post_vertical_padding":"","_kad_post_feature":"","_kad_post_feature_position":"","_kad_post_header":false,"_kad_post_footer":false,"_kad_post_classname":"","footnotes":""},"class_list":["post-783","page","type-page","status-publish","hentry"],"yoast_head":"<!-- This site is optimized with the Yoast SEO plugin v26.7 - https:\/\/yoast.com\/wordpress\/plugins\/seo\/ -->\n<title>Declaraci\u00f3n de accesibilidad - Aut\u00e8ntics Magatzems Serra<\/title>\n<meta name=\"robots\" content=\"index, follow, max-snippet:-1, max-image-preview:large, max-video-preview:-1\" \/>\n<link rel=\"canonical\" href=\"https:\/\/serracortinas.com\/en\/declaracion-de-accesibilidad\/\" \/>\n<meta property=\"og:locale\" content=\"en_GB\" \/>\n<meta property=\"og:type\" content=\"article\" \/>\n<meta property=\"og:title\" content=\"Declaraci\u00f3n de accesibilidad - Aut\u00e8ntics Magatzems Serra\" \/>\n<meta property=\"og:description\" content=\"Home Serra Textil se ha comprometido a hacer accesible su sitio web, de conformidad con el Real Decreto 1112\/2018, de 7 de septiembre, sobre accesibilidad de los sitios web y aplicaciones para dispositivos m\u00f3viles del sector p\u00fablico. Esta declaraci\u00f3n de accesibilidad se aplica a esta web. Situaci\u00f3n de cumplimiento Este sitio web est\u00e1 desarrollado de...\" \/>\n<meta property=\"og:url\" content=\"https:\/\/serracortinas.com\/en\/declaracion-de-accesibilidad\/\" \/>\n<meta property=\"og:site_name\" content=\"Aut\u00e8ntics Magatzems Serra\" \/>\n<meta property=\"article:modified_time\" content=\"2023-06-19T10:24:31+00:00\" \/>\n<meta name=\"twitter:card\" content=\"summary_large_image\" \/>\n<meta name=\"twitter:label1\" content=\"Estimated reading time\" \/>\n\t<meta name=\"twitter:data1\" content=\"2 minutes\" \/>\n<script type=\"application\/ld+json\" class=\"yoast-schema-graph\">{\"@context\":\"https:\/\/schema.org\",\"@graph\":[{\"@type\":\"WebPage\",\"@id\":\"https:\/\/serracortinas.com\/declaracion-de-accesibilidad\/\",\"url\":\"https:\/\/serracortinas.com\/declaracion-de-accesibilidad\/\",\"name\":\"Declaraci\u00f3n de accesibilidad - Aut\u00e8ntics Magatzems Serra\",\"isPartOf\":{\"@id\":\"https:\/\/serracortinas.com\/#website\"},\"datePublished\":\"2023-06-07T15:55:40+00:00\",\"dateModified\":\"2023-06-19T10:24:31+00:00\",\"breadcrumb\":{\"@id\":\"https:\/\/serracortinas.com\/declaracion-de-accesibilidad\/#breadcrumb\"},\"inLanguage\":\"en-GB\",\"potentialAction\":[{\"@type\":\"ReadAction\",\"target\":[\"https:\/\/serracortinas.com\/declaracion-de-accesibilidad\/\"]}]},{\"@type\":\"BreadcrumbList\",\"@id\":\"https:\/\/serracortinas.com\/declaracion-de-accesibilidad\/#breadcrumb\",\"itemListElement\":[{\"@type\":\"ListItem\",\"position\":1,\"name\":\"Portada\",\"item\":\"https:\/\/serracortinas.com\/\"},{\"@type\":\"ListItem\",\"position\":2,\"name\":\"Declaraci\u00f3n de accesibilidad\"}]},{\"@type\":\"WebSite\",\"@id\":\"https:\/\/serracortinas.com\/#website\",\"url\":\"https:\/\/serracortinas.com\/\",\"name\":\"Aut\u00e8ntics Magatzems Serra\",\"description\":\"Cortinas t\u00e9cnicas, funcionalidad y dise\u00f1o\",\"publisher\":{\"@id\":\"https:\/\/serracortinas.com\/#organization\"},\"potentialAction\":[{\"@type\":\"SearchAction\",\"target\":{\"@type\":\"EntryPoint\",\"urlTemplate\":\"https:\/\/serracortinas.com\/?s={search_term_string}\"},\"query-input\":{\"@type\":\"PropertyValueSpecification\",\"valueRequired\":true,\"valueName\":\"search_term_string\"}}],\"inLanguage\":\"en-GB\"},{\"@type\":\"Organization\",\"@id\":\"https:\/\/serracortinas.com\/#organization\",\"name\":\"Aut\u00e8ntics Magatzems Serra\",\"url\":\"https:\/\/serracortinas.com\/\",\"logo\":{\"@type\":\"ImageObject\",\"inLanguage\":\"en-GB\",\"@id\":\"https:\/\/serracortinas.com\/#\/schema\/logo\/image\/\",\"url\":\"https:\/\/serracortinas.com\/wp-content\/uploads\/2023\/10\/logo.png\",\"contentUrl\":\"https:\/\/serracortinas.com\/wp-content\/uploads\/2023\/10\/logo.png\",\"width\":2048,\"height\":753,\"caption\":\"Aut\u00e8ntics Magatzems Serra\"},\"image\":{\"@id\":\"https:\/\/serracortinas.com\/#\/schema\/logo\/image\/\"}}]}<\/script>\n<!-- \/ Yoast SEO plugin. -->","yoast_head_json":{"title":"Declaraci\u00f3n de accesibilidad - Aut\u00e8ntics Magatzems Serra","robots":{"index":"index","follow":"follow","max-snippet":"max-snippet:-1","max-image-preview":"max-image-preview:large","max-video-preview":"max-video-preview:-1"},"canonical":"https:\/\/serracortinas.com\/en\/declaracion-de-accesibilidad\/","og_locale":"en_GB","og_type":"article","og_title":"Declaraci\u00f3n de accesibilidad - Aut\u00e8ntics Magatzems Serra","og_description":"Home Serra Textil se ha comprometido a hacer accesible su sitio web, de conformidad con el Real Decreto 1112\/2018, de 7 de septiembre, sobre accesibilidad de los sitios web y aplicaciones para dispositivos m\u00f3viles del sector p\u00fablico. Esta declaraci\u00f3n de accesibilidad se aplica a esta web. Situaci\u00f3n de cumplimiento Este sitio web est\u00e1 desarrollado de...","og_url":"https:\/\/serracortinas.com\/en\/declaracion-de-accesibilidad\/","og_site_name":"Aut\u00e8ntics Magatzems Serra","article_modified_time":"2023-06-19T10:24:31+00:00","twitter_card":"summary_large_image","twitter_misc":{"Estimated reading time":"2 minutes"},"schema":{"@context":"https:\/\/schema.org","@graph":[{"@type":"WebPage","@id":"https:\/\/serracortinas.com\/declaracion-de-accesibilidad\/","url":"https:\/\/serracortinas.com\/declaracion-de-accesibilidad\/","name":"Declaraci\u00f3n de accesibilidad - Aut\u00e8ntics Magatzems Serra","isPartOf":{"@id":"https:\/\/serracortinas.com\/#website"},"datePublished":"2023-06-07T15:55:40+00:00","dateModified":"2023-06-19T10:24:31+00:00","breadcrumb":{"@id":"https:\/\/serracortinas.com\/declaracion-de-accesibilidad\/#breadcrumb"},"inLanguage":"en-GB","potentialAction":[{"@type":"ReadAction","target":["https:\/\/serracortinas.com\/declaracion-de-accesibilidad\/"]}]},{"@type":"BreadcrumbList","@id":"https:\/\/serracortinas.com\/declaracion-de-accesibilidad\/#breadcrumb","itemListElement":[{"@type":"ListItem","position":1,"name":"Portada","item":"https:\/\/serracortinas.com\/"},{"@type":"ListItem","position":2,"name":"Declaraci\u00f3n de accesibilidad"}]},{"@type":"WebSite","@id":"https:\/\/serracortinas.com\/#website","url":"https:\/\/serracortinas.com\/","name":"Authentic Magatzems Serra","description":"Technical curtains, functionality and design","publisher":{"@id":"https:\/\/serracortinas.com\/#organization"},"potentialAction":[{"@type":"SearchAction","target":{"@type":"EntryPoint","urlTemplate":"https:\/\/serracortinas.com\/?s={search_term_string}"},"query-input":{"@type":"PropertyValueSpecification","valueRequired":true,"valueName":"search_term_string"}}],"inLanguage":"en-GB"},{"@type":"Organization","@id":"https:\/\/serracortinas.com\/#organization","name":"Authentic Magatzems Serra","url":"https:\/\/serracortinas.com\/","logo":{"@type":"ImageObject","inLanguage":"en-GB","@id":"https:\/\/serracortinas.com\/#\/schema\/logo\/image\/","url":"https:\/\/serracortinas.com\/wp-content\/uploads\/2023\/10\/logo.png","contentUrl":"https:\/\/serracortinas.com\/wp-content\/uploads\/2023\/10\/logo.png","width":2048,"height":753,"caption":"Aut\u00e8ntics Magatzems Serra"},"image":{"@id":"https:\/\/serracortinas.com\/#\/schema\/logo\/image\/"}}]}},"taxonomy_info":[],"featured_image_src_large":false,"author_info":{"display_name":"eloi","author_link":"https:\/\/serracortinas.com\/en\/author\/eloi\/"},"comment_info":0,"_links":{"self":[{"href":"https:\/\/serracortinas.com\/en\/wp-json\/wp\/v2\/pages\/783","targetHints":{"allow":["GET"]}}],"collection":[{"href":"https:\/\/serracortinas.com\/en\/wp-json\/wp\/v2\/pages"}],"about":[{"href":"https:\/\/serracortinas.com\/en\/wp-json\/wp\/v2\/types\/page"}],"author":[{"embeddable":true,"href":"https:\/\/serracortinas.com\/en\/wp-json\/wp\/v2\/users\/1"}],"replies":[{"embeddable":true,"href":"https:\/\/serracortinas.com\/en\/wp-json\/wp\/v2\/comments?post=783"}],"version-history":[{"count":0,"href":"https:\/\/serracortinas.com\/en\/wp-json\/wp\/v2\/pages\/783\/revisions"}],"wp:attachment":[{"href":"https:\/\/serracortinas.com\/en\/wp-json\/wp\/v2\/media?parent=783"}],"curies":[{"name":"wp","href":"https:\/\/api.w.org\/{rel}","templated":true}]}}