{"id":782,"date":"2023-06-07T15:56:23","date_gmt":"2023-06-07T15:56:23","guid":{"rendered":"https:\/\/serracortinas.com\/?page_id=782"},"modified":"2023-07-11T07:26:22","modified_gmt":"2023-07-11T07:26:22","slug":"politica-de-privacidad","status":"publish","type":"page","link":"https:\/\/serracortinas.com\/en\/politica-de-privacidad\/","title":{"rendered":"Privacy Policy"},"content":{"rendered":"<style>.kb-row-layout-id_03323b-b9 > .kt-row-column-wrap{align-content:start;}:where(.kb-row-layout-id_03323b-b9 > .kt-row-column-wrap) > .wp-block-kadence-column{justify-content:start;}.kb-row-layout-id_03323b-b9 > .kt-row-column-wrap{column-gap:var(--global-kb-gap-md, 2rem);row-gap:var(--global-kb-gap-md, 2rem);padding-top:var(--global-kb-spacing-sm, 1.5rem);padding-bottom:var(--global-kb-spacing-sm, 1.5rem);grid-template-columns:minmax(0, 1fr);}.kb-row-layout-id_03323b-b9 > .kt-row-layout-overlay{opacity:0.30;}@media all and (max-width: 1024px){.kb-row-layout-id_03323b-b9 > .kt-row-column-wrap{grid-template-columns:minmax(0, 1fr);}}@media all and (max-width: 767px){.kb-row-layout-id_03323b-b9 > .kt-row-column-wrap{grid-template-columns:minmax(0, 1fr);}}<\/style><div class=\"kb-row-layout-wrap kb-row-layout-id_03323b-b9 alignnone wp-block-kadence-rowlayout\"><div class=\"kt-row-column-wrap kt-has-1-columns kt-row-layout-equal kt-tab-layout-inherit kt-mobile-layout-row kt-row-valign-top\">\n<style>.kadence-column_fde34a-90 > .kt-inside-inner-col,.kadence-column_fde34a-90 > .kt-inside-inner-col:before{border-top-left-radius:0px;border-top-right-radius:0px;border-bottom-right-radius:0px;border-bottom-left-radius:0px;}.kadence-column_fde34a-90 > .kt-inside-inner-col{column-gap:var(--global-kb-gap-sm, 1rem);}.kadence-column_fde34a-90 > .kt-inside-inner-col{flex-direction:column;}.kadence-column_fde34a-90 > .kt-inside-inner-col > .aligncenter{width:100%;}.kadence-column_fde34a-90 > .kt-inside-inner-col:before{opacity:0.3;}.kadence-column_fde34a-90{position:relative;}@media all and (max-width: 1024px){.kadence-column_fde34a-90 > .kt-inside-inner-col{flex-direction:column;justify-content:center;}}@media all and (max-width: 767px){.kadence-column_fde34a-90 > .kt-inside-inner-col{flex-direction:column;justify-content:center;}}<\/style>\n<div class=\"wp-block-kadence-column kadence-column_fde34a-90\"><div class=\"kt-inside-inner-col\"><style>.wp-block-kadence-advancedheading.kt-adv-heading_3a3a20-f9, .wp-block-kadence-advancedheading.kt-adv-heading_3a3a20-f9[data-kb-block=\"kb-adv-heading_3a3a20-f9\"]{font-style:normal;}.wp-block-kadence-advancedheading.kt-adv-heading_3a3a20-f9 mark.kt-highlight, .wp-block-kadence-advancedheading.kt-adv-heading_3a3a20-f9[data-kb-block=\"kb-adv-heading_3a3a20-f9\"] mark.kt-highlight{font-style:normal;color:#f76a0c;-webkit-box-decoration-break:clone;box-decoration-break:clone;padding-top:0px;padding-right:0px;padding-bottom:0px;padding-left:0px;}<\/style>\n<h2 class=\"kt-adv-heading_3a3a20-f9 wp-block-kadence-advancedheading\" data-kb-block=\"kb-adv-heading_3a3a20-f9\"><strong>1.- User Information<\/strong><\/h2>\n\n\n\n<p>The website informs website users about its policy regarding the treatment and protection of personal data of users and clients that may be collected by browsing through its website.<\/p>\n\n\n\n<p>The website is responsible for the processing of the user&#039;s personal data, so the following information is provided regarding the processing of your data:<\/p>\n\n\n\n<p><strong>Data conservation criteria:&nbsp;<\/strong>The personal data provided will be kept until its suspension is requested by the interested party, exercising their rights over the data, and in any case in compliance with legal statutes of limitations that apply.<\/p>\n\n\n<style>.wp-block-kadence-advancedheading.kt-adv-heading_ff07ac-85, .wp-block-kadence-advancedheading.kt-adv-heading_ff07ac-85[data-kb-block=\"kb-adv-heading_ff07ac-85\"]{font-style:normal;}.wp-block-kadence-advancedheading.kt-adv-heading_ff07ac-85 mark.kt-highlight, .wp-block-kadence-advancedheading.kt-adv-heading_ff07ac-85[data-kb-block=\"kb-adv-heading_ff07ac-85\"] mark.kt-highlight{font-style:normal;color:#f76a0c;-webkit-box-decoration-break:clone;box-decoration-break:clone;padding-top:0px;padding-right:0px;padding-bottom:0px;padding-left:0px;}<\/style>\n<h3 class=\"kt-adv-heading_ff07ac-85 wp-block-kadence-advancedheading\" data-kb-block=\"kb-adv-heading_ff07ac-85\"><strong>Rights of interested parties:<\/strong><\/h3>\n\n\n\n<ul class=\"wp-block-list\">\n<li>Right to withdraw consent at any time.<\/li>\n\n\n\n<li>Right of access, rectification, deletion, portability of your data and the limitation or opposition of its processing, as well as not being subject to automated individual decisions.<\/li>\n<\/ul>\n\n\n\n<p>Contact information to exercise your rights:<\/p>\n\n\n\n<ul class=\"wp-block-list\">\n<li>Web: serracortinas.com<\/li>\n\n\n\n<li>Name: HOME SERRA TEXTIL SL<\/li>\n\n\n\n<li>Address: Avda. del Vall\u00e8s, 71 Terrassa (Barcelona)<\/li>\n\n\n\n<li>CIF\/NIF: B67245639<\/li>\n\n\n\n<li>Telephone: (+34) 937 835 066 Ext. 1<\/li>\n\n\n\n<li>Email: <a href=\"mailto:comunicacion@homeserra.com\">comunicacion@homeserra.com<\/a><\/li>\n<\/ul>\n\n\n\n<p>You must properly identify yourself and clearly request the right to exercise.<\/p>\n\n\n<style>.wp-block-kadence-advancedheading.kt-adv-heading_756426-af, .wp-block-kadence-advancedheading.kt-adv-heading_756426-af[data-kb-block=\"kb-adv-heading_756426-af\"]{font-style:normal;}.wp-block-kadence-advancedheading.kt-adv-heading_756426-af mark.kt-highlight, .wp-block-kadence-advancedheading.kt-adv-heading_756426-af[data-kb-block=\"kb-adv-heading_756426-af\"] mark.kt-highlight{font-style:normal;color:#f76a0c;-webkit-box-decoration-break:clone;box-decoration-break:clone;padding-top:0px;padding-right:0px;padding-bottom:0px;padding-left:0px;}<\/style>\n<h2 class=\"kt-adv-heading_756426-af wp-block-kadence-advancedheading\" data-kb-block=\"kb-adv-heading_756426-af\"><strong>2.- Information provided by the user<\/strong><\/h2>\n\n\n\n<p>If you are under 18 years of age, the use of forms on our website is not permitted.<\/p>\n\n\n\n<p>Users, by entering their data in the contact forms or presented in download forms, expressly and freely and unequivocally accept that their data is necessary to respond to their request, by the Controller, the inclusion of data in the data being voluntary. remaining fields.<\/p>\n\n\n\n<p>The User guarantees that the personal data provided is true and is responsible for communicating any modification thereof.<\/p>\n\n\n\n<p>All data requested through the website is necessary to provide optimal service to the User. If all the data is not provided, it is not guaranteed that the information and services that the Controller provides you are completely adjusted to your needs.<\/p>\n\n\n<style>.wp-block-kadence-advancedheading.kt-adv-heading_d00ccc-c5, .wp-block-kadence-advancedheading.kt-adv-heading_d00ccc-c5[data-kb-block=\"kb-adv-heading_d00ccc-c5\"]{font-style:normal;}.wp-block-kadence-advancedheading.kt-adv-heading_d00ccc-c5 mark.kt-highlight, .wp-block-kadence-advancedheading.kt-adv-heading_d00ccc-c5[data-kb-block=\"kb-adv-heading_d00ccc-c5\"] mark.kt-highlight{font-style:normal;color:#f76a0c;-webkit-box-decoration-break:clone;box-decoration-break:clone;padding-top:0px;padding-right:0px;padding-bottom:0px;padding-left:0px;}<\/style>\n<h2 class=\"kt-adv-heading_d00ccc-c5 wp-block-kadence-advancedheading\" data-kb-block=\"kb-adv-heading_d00ccc-c5\"><strong>Security measures<\/strong><\/h2>\n\n\n\n<p>That in accordance with the provisions of current regulations regarding the protection of personal data, the Controller is complying with all the provisions of the RGPD and LOPD regulations for the processing of personal data under its responsibility, which are processed lawfully. , loyal and transparent in relation to the interested party and adequate, relevant and limited to what is necessary in relation to the purposes for which they are processed.<\/p>\n\n\n\n<p>The Controller guarantees that it has implemented appropriate technical and organizational policies to apply the security measures established by the RGPD and the LOPD in order to protect the rights and freedoms of Users and has communicated the appropriate information to them so that they can exercise them.<\/p>\n\n\n<style>.wp-block-kadence-advancedheading.kt-adv-heading_ec89e7-01, .wp-block-kadence-advancedheading.kt-adv-heading_ec89e7-01[data-kb-block=\"kb-adv-heading_ec89e7-01\"]{font-style:normal;}.wp-block-kadence-advancedheading.kt-adv-heading_ec89e7-01 mark.kt-highlight, .wp-block-kadence-advancedheading.kt-adv-heading_ec89e7-01[data-kb-block=\"kb-adv-heading_ec89e7-01\"] mark.kt-highlight{font-style:normal;color:#f76a0c;-webkit-box-decoration-break:clone;box-decoration-break:clone;padding-top:0px;padding-right:0px;padding-bottom:0px;padding-left:0px;}<\/style>\n<h2 class=\"kt-adv-heading_ec89e7-01 wp-block-kadence-advancedheading\" data-kb-block=\"kb-adv-heading_ec89e7-01\"><strong>Security Gaps<\/strong><\/h2>\n\n\n\n<p>The Controller will report any security breach that affects the database used by this website, or that affects any of our third-party services, to each and every person, whose data may have been affected, and authorities, within 72 hours of detecting the breach.<\/p>\n\n\n\n<p><strong>APPLICABLE LAW AND JURISDICTION<\/strong><\/p>\n\n\n\n<p>For the resolution of all disputes or issues related to this website or the activities carried out on it, Spanish legislation will apply, to which the parties expressly submit, being competent for the resolution of all conflicts arising or related to its use by the Courts and Tribunals of Barcelona.<\/p>\n<\/div><\/div>\n\n<\/div><\/div>","protected":false},"excerpt":{"rendered":"<p>1.- Informaci\u00f3n al Usuario El sitio web informa a los usuarios del sitio web sobre su pol\u00edtica respecto del tratamiento y protecci\u00f3n de los datos de car\u00e1cter personal de los usuarios y clientes que puedan ser recabados por la navegaci\u00f3n a trav\u00e9s de su sitio web. El sitio web es el Responsable del tratamiento de&#8230;<\/p>","protected":false},"author":1,"featured_media":0,"parent":0,"menu_order":67,"comment_status":"closed","ping_status":"closed","template":"","meta":{"_kad_blocks_custom_css":"","_kad_blocks_head_custom_js":"","_kad_blocks_body_custom_js":"","_kad_blocks_footer_custom_js":"","_kad_post_transparent":"disable","_kad_post_title":"show","_kad_post_layout":"narrow","_kad_post_sidebar_id":"","_kad_post_content_style":"","_kad_post_vertical_padding":"","_kad_post_feature":"","_kad_post_feature_position":"","_kad_post_header":false,"_kad_post_footer":false,"_kad_post_classname":"","footnotes":""},"class_list":["post-782","page","type-page","status-publish","hentry"],"yoast_head":"<!-- This site is optimized with the Yoast SEO plugin v26.7 - https:\/\/yoast.com\/wordpress\/plugins\/seo\/ -->\n<title>Pol\u00edtica de privacidad - Aut\u00e8ntics Magatzems Serra<\/title>\n<meta name=\"robots\" content=\"index, follow, max-snippet:-1, max-image-preview:large, max-video-preview:-1\" \/>\n<link rel=\"canonical\" href=\"https:\/\/serracortinas.com\/en\/politica-de-privacidad\/\" \/>\n<meta property=\"og:locale\" content=\"en_GB\" \/>\n<meta property=\"og:type\" content=\"article\" \/>\n<meta property=\"og:title\" content=\"Pol\u00edtica de privacidad - Aut\u00e8ntics Magatzems Serra\" \/>\n<meta property=\"og:description\" content=\"1.- Informaci\u00f3n al Usuario El sitio web informa a los usuarios del sitio web sobre su pol\u00edtica respecto del tratamiento y protecci\u00f3n de los datos de car\u00e1cter personal de los usuarios y clientes que puedan ser recabados por la navegaci\u00f3n a trav\u00e9s de su sitio web. El sitio web es el Responsable del tratamiento de...\" \/>\n<meta property=\"og:url\" content=\"https:\/\/serracortinas.com\/en\/politica-de-privacidad\/\" \/>\n<meta property=\"og:site_name\" content=\"Aut\u00e8ntics Magatzems Serra\" \/>\n<meta property=\"article:modified_time\" content=\"2023-07-11T07:26:22+00:00\" \/>\n<meta name=\"twitter:card\" content=\"summary_large_image\" \/>\n<meta name=\"twitter:label1\" content=\"Estimated reading time\" \/>\n\t<meta name=\"twitter:data1\" content=\"3 minutes\" \/>\n<script type=\"application\/ld+json\" class=\"yoast-schema-graph\">{\"@context\":\"https:\/\/schema.org\",\"@graph\":[{\"@type\":\"WebPage\",\"@id\":\"https:\/\/serracortinas.com\/politica-de-privacidad\/\",\"url\":\"https:\/\/serracortinas.com\/politica-de-privacidad\/\",\"name\":\"Pol\u00edtica de privacidad - Aut\u00e8ntics Magatzems Serra\",\"isPartOf\":{\"@id\":\"https:\/\/serracortinas.com\/#website\"},\"datePublished\":\"2023-06-07T15:56:23+00:00\",\"dateModified\":\"2023-07-11T07:26:22+00:00\",\"breadcrumb\":{\"@id\":\"https:\/\/serracortinas.com\/politica-de-privacidad\/#breadcrumb\"},\"inLanguage\":\"en-GB\",\"potentialAction\":[{\"@type\":\"ReadAction\",\"target\":[\"https:\/\/serracortinas.com\/politica-de-privacidad\/\"]}]},{\"@type\":\"BreadcrumbList\",\"@id\":\"https:\/\/serracortinas.com\/politica-de-privacidad\/#breadcrumb\",\"itemListElement\":[{\"@type\":\"ListItem\",\"position\":1,\"name\":\"Portada\",\"item\":\"https:\/\/serracortinas.com\/\"},{\"@type\":\"ListItem\",\"position\":2,\"name\":\"Pol\u00edtica de privacidad\"}]},{\"@type\":\"WebSite\",\"@id\":\"https:\/\/serracortinas.com\/#website\",\"url\":\"https:\/\/serracortinas.com\/\",\"name\":\"Aut\u00e8ntics Magatzems Serra\",\"description\":\"Cortinas t\u00e9cnicas, funcionalidad y dise\u00f1o\",\"publisher\":{\"@id\":\"https:\/\/serracortinas.com\/#organization\"},\"potentialAction\":[{\"@type\":\"SearchAction\",\"target\":{\"@type\":\"EntryPoint\",\"urlTemplate\":\"https:\/\/serracortinas.com\/?s={search_term_string}\"},\"query-input\":{\"@type\":\"PropertyValueSpecification\",\"valueRequired\":true,\"valueName\":\"search_term_string\"}}],\"inLanguage\":\"en-GB\"},{\"@type\":\"Organization\",\"@id\":\"https:\/\/serracortinas.com\/#organization\",\"name\":\"Aut\u00e8ntics Magatzems Serra\",\"url\":\"https:\/\/serracortinas.com\/\",\"logo\":{\"@type\":\"ImageObject\",\"inLanguage\":\"en-GB\",\"@id\":\"https:\/\/serracortinas.com\/#\/schema\/logo\/image\/\",\"url\":\"https:\/\/serracortinas.com\/wp-content\/uploads\/2023\/10\/logo.png\",\"contentUrl\":\"https:\/\/serracortinas.com\/wp-content\/uploads\/2023\/10\/logo.png\",\"width\":2048,\"height\":753,\"caption\":\"Aut\u00e8ntics Magatzems Serra\"},\"image\":{\"@id\":\"https:\/\/serracortinas.com\/#\/schema\/logo\/image\/\"}}]}<\/script>\n<!-- \/ Yoast SEO plugin. -->","yoast_head_json":{"title":"Pol\u00edtica de privacidad - Aut\u00e8ntics Magatzems Serra","robots":{"index":"index","follow":"follow","max-snippet":"max-snippet:-1","max-image-preview":"max-image-preview:large","max-video-preview":"max-video-preview:-1"},"canonical":"https:\/\/serracortinas.com\/en\/politica-de-privacidad\/","og_locale":"en_GB","og_type":"article","og_title":"Pol\u00edtica de privacidad - Aut\u00e8ntics Magatzems Serra","og_description":"1.- Informaci\u00f3n al Usuario El sitio web informa a los usuarios del sitio web sobre su pol\u00edtica respecto del tratamiento y protecci\u00f3n de los datos de car\u00e1cter personal de los usuarios y clientes que puedan ser recabados por la navegaci\u00f3n a trav\u00e9s de su sitio web. El sitio web es el Responsable del tratamiento de...","og_url":"https:\/\/serracortinas.com\/en\/politica-de-privacidad\/","og_site_name":"Aut\u00e8ntics Magatzems Serra","article_modified_time":"2023-07-11T07:26:22+00:00","twitter_card":"summary_large_image","twitter_misc":{"Estimated reading time":"3 minutes"},"schema":{"@context":"https:\/\/schema.org","@graph":[{"@type":"WebPage","@id":"https:\/\/serracortinas.com\/politica-de-privacidad\/","url":"https:\/\/serracortinas.com\/politica-de-privacidad\/","name":"Pol\u00edtica de privacidad - Aut\u00e8ntics Magatzems Serra","isPartOf":{"@id":"https:\/\/serracortinas.com\/#website"},"datePublished":"2023-06-07T15:56:23+00:00","dateModified":"2023-07-11T07:26:22+00:00","breadcrumb":{"@id":"https:\/\/serracortinas.com\/politica-de-privacidad\/#breadcrumb"},"inLanguage":"en-GB","potentialAction":[{"@type":"ReadAction","target":["https:\/\/serracortinas.com\/politica-de-privacidad\/"]}]},{"@type":"BreadcrumbList","@id":"https:\/\/serracortinas.com\/politica-de-privacidad\/#breadcrumb","itemListElement":[{"@type":"ListItem","position":1,"name":"Portada","item":"https:\/\/serracortinas.com\/"},{"@type":"ListItem","position":2,"name":"Pol\u00edtica de privacidad"}]},{"@type":"WebSite","@id":"https:\/\/serracortinas.com\/#website","url":"https:\/\/serracortinas.com\/","name":"Authentic Magatzems Serra","description":"Technical curtains, functionality and design","publisher":{"@id":"https:\/\/serracortinas.com\/#organization"},"potentialAction":[{"@type":"SearchAction","target":{"@type":"EntryPoint","urlTemplate":"https:\/\/serracortinas.com\/?s={search_term_string}"},"query-input":{"@type":"PropertyValueSpecification","valueRequired":true,"valueName":"search_term_string"}}],"inLanguage":"en-GB"},{"@type":"Organization","@id":"https:\/\/serracortinas.com\/#organization","name":"Authentic Magatzems Serra","url":"https:\/\/serracortinas.com\/","logo":{"@type":"ImageObject","inLanguage":"en-GB","@id":"https:\/\/serracortinas.com\/#\/schema\/logo\/image\/","url":"https:\/\/serracortinas.com\/wp-content\/uploads\/2023\/10\/logo.png","contentUrl":"https:\/\/serracortinas.com\/wp-content\/uploads\/2023\/10\/logo.png","width":2048,"height":753,"caption":"Aut\u00e8ntics Magatzems Serra"},"image":{"@id":"https:\/\/serracortinas.com\/#\/schema\/logo\/image\/"}}]}},"taxonomy_info":[],"featured_image_src_large":false,"author_info":{"display_name":"eloi","author_link":"https:\/\/serracortinas.com\/en\/author\/eloi\/"},"comment_info":0,"_links":{"self":[{"href":"https:\/\/serracortinas.com\/en\/wp-json\/wp\/v2\/pages\/782","targetHints":{"allow":["GET"]}}],"collection":[{"href":"https:\/\/serracortinas.com\/en\/wp-json\/wp\/v2\/pages"}],"about":[{"href":"https:\/\/serracortinas.com\/en\/wp-json\/wp\/v2\/types\/page"}],"author":[{"embeddable":true,"href":"https:\/\/serracortinas.com\/en\/wp-json\/wp\/v2\/users\/1"}],"replies":[{"embeddable":true,"href":"https:\/\/serracortinas.com\/en\/wp-json\/wp\/v2\/comments?post=782"}],"version-history":[{"count":1,"href":"https:\/\/serracortinas.com\/en\/wp-json\/wp\/v2\/pages\/782\/revisions"}],"predecessor-version":[{"id":2652,"href":"https:\/\/serracortinas.com\/en\/wp-json\/wp\/v2\/pages\/782\/revisions\/2652"}],"wp:attachment":[{"href":"https:\/\/serracortinas.com\/en\/wp-json\/wp\/v2\/media?parent=782"}],"curies":[{"name":"wp","href":"https:\/\/api.w.org\/{rel}","templated":true}]}}