{"id":781,"date":"2023-06-07T15:47:32","date_gmt":"2023-06-07T15:47:32","guid":{"rendered":"https:\/\/serracortinas.com\/?page_id=781"},"modified":"2023-06-19T10:19:49","modified_gmt":"2023-06-19T10:19:49","slug":"politica-de-cookies","status":"publish","type":"page","link":"https:\/\/serracortinas.com\/en\/politica-de-cookies\/","title":{"rendered":"Cookies policy"},"content":{"rendered":"<style>.kb-row-layout-id_4ca2dc-b4 > .kt-row-column-wrap{align-content:start;}:where(.kb-row-layout-id_4ca2dc-b4 > .kt-row-column-wrap) > .wp-block-kadence-column{justify-content:start;}.kb-row-layout-id_4ca2dc-b4 > .kt-row-column-wrap{column-gap:var(--global-kb-gap-md, 2rem);row-gap:var(--global-kb-gap-md, 2rem);padding-top:var(--global-kb-spacing-sm, 1.5rem);padding-bottom:var(--global-kb-spacing-sm, 1.5rem);grid-template-columns:minmax(0, 1fr);}.kb-row-layout-id_4ca2dc-b4 > .kt-row-layout-overlay{opacity:0.30;}@media all and (max-width: 1024px){.kb-row-layout-id_4ca2dc-b4 > .kt-row-column-wrap{grid-template-columns:minmax(0, 1fr);}}@media all and (max-width: 767px){.kb-row-layout-id_4ca2dc-b4 > .kt-row-column-wrap{grid-template-columns:minmax(0, 1fr);}}<\/style><div class=\"kb-row-layout-wrap kb-row-layout-id_4ca2dc-b4 alignnone wp-block-kadence-rowlayout\"><div class=\"kt-row-column-wrap kt-has-1-columns kt-row-layout-equal kt-tab-layout-inherit kt-mobile-layout-row kt-row-valign-top\">\n<style>.kadence-column_7aa0eb-ed > .kt-inside-inner-col,.kadence-column_7aa0eb-ed > .kt-inside-inner-col:before{border-top-left-radius:0px;border-top-right-radius:0px;border-bottom-right-radius:0px;border-bottom-left-radius:0px;}.kadence-column_7aa0eb-ed > .kt-inside-inner-col{column-gap:var(--global-kb-gap-sm, 1rem);}.kadence-column_7aa0eb-ed > .kt-inside-inner-col{flex-direction:column;}.kadence-column_7aa0eb-ed > .kt-inside-inner-col > .aligncenter{width:100%;}.kadence-column_7aa0eb-ed > .kt-inside-inner-col:before{opacity:0.3;}.kadence-column_7aa0eb-ed{position:relative;}@media all and (max-width: 1024px){.kadence-column_7aa0eb-ed > .kt-inside-inner-col{flex-direction:column;justify-content:center;}}@media all and (max-width: 767px){.kadence-column_7aa0eb-ed > .kt-inside-inner-col{flex-direction:column;justify-content:center;}}<\/style>\n<div class=\"wp-block-kadence-column kadence-column_7aa0eb-ed\"><div class=\"kt-inside-inner-col\">\n<h2 class=\"wp-block-heading\">Paragraph 1<\/h2>\n\n\n\n<p>A&nbsp;<em>cookie<\/em>&nbsp;is a small text file that is stored in your browser when you visit almost any web page. Its usefulness is for the website to be able to remember your visit when you browse that page again. The&nbsp;<em>cookies<\/em>&nbsp;They usually store information of a technical nature, personal preferences, content customization, usage statistics, links to social networks, access to user accounts, etc. The objective of the&nbsp;<em>cookie<\/em>&nbsp;is to adapt the content of the website to your profile and needs, without&nbsp;<em>cookies<\/em>&nbsp;The services offered by any page would be significantly reduced. If you want more information about what the&nbsp;<em>cookies<\/em>, what they store, how to delete them, deactivate them, etc.,&nbsp;<strong><u>Please go to this link.<\/u>&nbsp;<\/strong>(section 2)<\/p>\n\n\n\n<p><strong>Cookies used on this website<\/strong><\/p>\n\n\n\n<p>Following the guidelines of the Spanish Data Protection Agency, we proceed to detail the use of&nbsp;<em>cookies<\/em>&nbsp;what this website does in order to inform you with the greatest possible accuracy.<\/p>\n\n\n\n<p>This website uses the following&nbsp;<strong>own cookies<\/strong>:<\/p>\n\n\n\n<p>Session cookies, to ensure that users writing comments on the blog are human and not automated applications. In this way we combat&nbsp;<em>spam<\/em>.<\/p>\n\n\n\n<p>This website uses the following&nbsp;<strong>third party cookies<\/strong>:<\/p>\n\n\n\n<p>Google Analytics: Store&nbsp;<em>cookies<\/em>&nbsp;to be able to compile statistics on the traffic and volume of visits to this website. By using this website you consent to the processing of data about you by Google. Therefore, the exercise of any right in this regard must be done by communicating directly with Google.<\/p>\n\n\n\n<p>Social networks: Each social network uses its own&nbsp;<em>cookies<\/em>&nbsp;so that you can click on buttons like&nbsp;<em>I like<\/em>&nbsp;either&nbsp;<em>Share<\/em>.<\/p>\n\n\n\n<ul class=\"wp-block-list\">\n<li>Youtube<\/li>\n\n\n\n<li>Twitter<\/li>\n\n\n\n<li>Facebook<\/li>\n<\/ul>\n\n\n\n<p>Likewise, it is possible that when you visit a web page or when you open an email where an advertisement or promotion about our services or products is published, a cookie is installed in your browser that helps us to later show you advertising related to the search you have performed. develop control of our advertisements in relation, for example, to the number of times they are viewed, where they appear, at what time they are viewed, etc...<\/p>\n\n\n\n<p><strong>Deactivation or deletion of cookies<\/strong><\/p>\n\n\n\n<p>At any time you may exercise your right to deactivate or delete cookies from this website. These actions are performed differently depending on the browser you are using.&nbsp;<strong><u>Here is a quick guide to the most popular browsers.<\/u><\/strong>&nbsp;(section 3)<\/p>\n\n\n\n<p><strong>Additional notes<\/strong><\/p>\n\n\n\n<p>Neither this website nor its legal representatives are responsible for the content or the veracity of the privacy policies that the third parties mentioned in this privacy policy may have.&nbsp;<em>cookies<\/em>.<\/p>\n\n\n\n<p>Web browsers are the tools in charge of storing the&nbsp;<em>cookies<\/em>&nbsp;and from this place you must exercise your right to eliminate or deactivate them. Neither this website nor its legal representatives can guarantee the correct or incorrect handling of the information.&nbsp;<em>cookies<\/em>&nbsp;by the aforementioned browsers.<\/p>\n\n\n\n<p>In some cases it is necessary to install&nbsp;<em>cookies<\/em>&nbsp;so that the browser does not forget its decision not to accept them.<\/p>\n\n\n\n<p>In the case of the&nbsp;<em>cookies<\/em>&nbsp;of Google Analytics, this company stores the&nbsp;<em>cookies<\/em>&nbsp;on servers located in the United States and undertakes not to share it with third parties, except in cases where it is necessary for the operation of the system or when the law requires this purpose. Google Inc. is a company that meets the&nbsp;<a href=\"https:\/\/www.privacyshield.gov\/list\">Privacy Shield<\/a>, which guarantees that all transferred data will be treated with a level of protection in accordance with European regulations. Detailed information in this regard can be found at&nbsp;<a href=\"https:\/\/www.privacyshield.gov\/welcome\"><strong><u>this link<\/u><\/strong><\/a>&nbsp;<strong>(1)<\/strong>. If you want information about the use that Google Analytics gives to cookies&nbsp;<a href=\"https:\/\/developers.google.com\/analytics\/devguides\/collection\/analyticsjs\/cookie-usage?hl=es&amp;csw=1\">we attach&nbsp;<strong><u>this other link<\/u><\/strong><\/a>&nbsp;<strong>(2)<\/strong><\/p>\n\n\n\n<p>For any questions or queries about this policy&nbsp;<em>cookies<\/em>&nbsp;Feel free to contact us through the contact section.<\/p>\n\n\n\n<h2 class=\"wp-block-heading\">Section 2<\/h2>\n\n\n\n<p><strong>More information about cookies<\/strong><\/p>\n\n\n\n<p><strong>What is a cookie?<\/strong><\/p>\n\n\n\n<p>A&nbsp;<em>cookie<\/em>&nbsp;is a harmless text file that is stored in your browser when you visit almost any web page. The usefulness of&nbsp;<em>cookie<\/em>is that the website is able to remember your visit when you browse that page again. Although many people do not know&nbsp;<em>cookies<\/em>&nbsp;They have been used for 20 years, when the first browsers for the World Wide Web appeared.<\/p>\n\n\n\n<p><strong>What IS NOT a cookie?<\/strong><\/p>\n\n\n\n<p>It is not a virus, nor a Trojan, nor a worm, nor spam, nor spyware, nor does it open pop-up windows.<\/p>\n\n\n\n<p><strong>What information does a&nbsp;<em>cookie<\/em>?<\/strong><\/p>\n\n\n\n<p>The&nbsp;<em>cookies<\/em>&nbsp;They do not usually store sensitive information about you, such as credit cards or bank details, photographs, your ID or personal information, etc. The data they store is of a technical nature, personal preferences, content customization, etc.<\/p>\n\n\n\n<p>The web server does not associate you as a person but with your web browser. In fact, if you usually browse with Internet Explorer and try to browse the same website with Firefox or Chrome, you will see that the website does not realize that you are the same person because it is actually associating the browser, not the person.<\/p>\n\n\n\n<p><strong>What kind of&nbsp;<em>cookies<\/em>&nbsp;exist?<\/strong><\/p>\n\n\n\n<p><em>cookies<\/em>&nbsp;techniques: They are the most basic and allow, among other things, to know when a human or an automated application is browsing, when an anonymous user and a registered user are browsing, basic tasks for the operation of any dynamic website.<\/p>\n\n\n\n<p><em>cookies<\/em>&nbsp;analysis: They collect information about the type of browsing you are doing, the sections you use the most, products consulted, time slot of use, language, etc.<\/p>\n\n\n\n<p><em>cookies<\/em>&nbsp;Advertising: They show advertising based on your browsing, your country of origin, language, etc.<\/p>\n\n\n\n<p><strong>What are the&nbsp;<em>cookies<\/em>&nbsp;own and those of third parties?<\/strong><\/p>\n\n\n\n<p>The&nbsp;<em>own cookies<\/em>&nbsp;are generated by the page you are visiting and the&nbsp;<em>from third parties<\/em>&nbsp;They are those generated by external services or providers such as Facebook, Twitter, Google, etc.<\/p>\n\n\n\n<p><strong>What happens if I disable&nbsp;<em>cookies<\/em>?<\/strong><\/p>\n\n\n\n<p>So that you understand the impact that deactivating the&nbsp;<em>cookies<\/em>&nbsp;We show you some examples:<\/p>\n\n\n\n<p>You will not be able to share content from that website on Facebook, Twitter or any other social network.<\/p>\n\n\n\n<p>The website will not be able to adapt the content to your personal preferences, as is often the case in online stores.<\/p>\n\n\n\n<p>You will not be able to access the personal area of that website, such as&nbsp;<em>My account<\/em>, either&nbsp;<em>My profile<\/em>&nbsp;either&nbsp;<em>My orders<\/em>.<\/p>\n\n\n\n<p>Online stores: It will be impossible for you to make purchases online, they will have to be made by telephone or by visiting the physical store if you have one.<\/p>\n\n\n\n<p>It will not be possible to customize your geographic preferences such as time zone, currency or language.<\/p>\n\n\n\n<p>The website will not be able to perform web analytics on visitors and traffic on the website, which will make it difficult for the website to be competitive.<\/p>\n\n\n\n<p>You will not be able to write on the blog, you will not be able to upload photos, post comments, rate or rate content. The website will also not be able to know if you are a human or an automated application that publishes&nbsp;<em>spam<\/em>.<\/p>\n\n\n\n<p>Sectorized advertising cannot be displayed, which will reduce the website&#039;s advertising revenue.<\/p>\n\n\n\n<p>All social networks use&nbsp;<em>cookies<\/em>, if you deactivate them you will not be able to use any social network.<\/p>\n\n\n\n<p><strong>Can the&nbsp;<em>cookies<\/em>?<\/strong><\/p>\n\n\n\n<p>Yes. Not only delete, but also block, in a general or particular way for a specific domain.<\/p>\n\n\n\n<p>To remove the&nbsp;<em>cookies<\/em>&nbsp;of a website you must go to the settings of your browser and there you can search for those associated with the domain in question and proceed to delete them.<\/p>\n\n\n\n<h2 class=\"wp-block-heading\">Section 3<\/h2>\n\n\n\n<p><strong>Cookie settings for the most popular browsers<\/strong><\/p>\n\n\n\n<p>Here&#039;s how to access a&nbsp;<em>cookie<\/em>&nbsp;browser determined&nbsp;<strong>Chrome<\/strong>. Note: These steps may vary depending on the browser version:<\/p>\n\n\n\n<ul class=\"wp-block-list\">\n<li>Go to Settings or Preferences through the File menu or by clicking the personalization icon that appears at the top right.<\/li>\n\n\n\n<li>You will see different sections, click on the option&nbsp;<em>Show advanced options<\/em>.<\/li>\n\n\n\n<li>Go to&nbsp;<em>Privacy<\/em>,&nbsp;<em>Content Settings<\/em>.<\/li>\n\n\n\n<li>Select&nbsp;<em>All cookies and site data<\/em>.<\/li>\n<\/ul>\n\n\n\n<p>A list will appear with all the&nbsp;<em>cookies<\/em>&nbsp;sorted by domain. To make it easier for you to find the&nbsp;<em>cookies<\/em>&nbsp;of a certain domain, enter partially or completely the address in the field&nbsp;<em>Search cookies<\/em>.<\/p>\n\n\n\n<p>After performing this filter, one or more lines will appear on the screen with the&nbsp;<em>cookies<\/em>&nbsp;of the requested website. Now you just have to select it and press the&nbsp;<em>x<\/em>to proceed with its elimination.<\/p>\n\n\n\n<p>To access the settings&nbsp;<em>cookies<\/em>&nbsp;from the browser&nbsp;<strong>Internet Explorer<\/strong>Follow these steps (they may vary depending on the browser version):<\/p>\n\n\n\n<ul class=\"wp-block-list\">\n<li>Go to&nbsp;<em>Tools<\/em>,&nbsp;<em>Internet Options<\/em><\/li>\n\n\n\n<li>Click on&nbsp;<em>Privacy<\/em>.<\/li>\n\n\n\n<li>Move the slider to adjust the privacy level you want.<\/li>\n<\/ul>\n\n\n\n<p>To access the settings&nbsp;<em>cookies<\/em>&nbsp;from the browser&nbsp;<strong>Firefox&nbsp;<\/strong>Follow these steps (they may vary depending on the browser version):<\/p>\n\n\n\n<ul class=\"wp-block-list\">\n<li>Go to&nbsp;<em>Options<\/em>&nbsp;either&nbsp;<em>preferences<\/em>&nbsp;depending on your operating system.<\/li>\n\n\n\n<li>Click on&nbsp;<em>Privacy<\/em>.<\/li>\n\n\n\n<li>In&nbsp;<em>Record<\/em>&nbsp;choose&nbsp;<em>Use custom settings for history<\/em>.<\/li>\n\n\n\n<li>You will now see the option&nbsp;<em>Accept cookies<\/em>, you can activate or deactivate it according to your preferences.<\/li>\n<\/ul>\n\n\n\n<p>To access the settings&nbsp;<em>cookies<\/em>&nbsp;from the browser&nbsp;<strong>Safari for OSX<\/strong>Follow these steps (they may vary depending on the browser version):<\/p>\n\n\n\n<ul class=\"wp-block-list\">\n<li>Go to&nbsp;<em>preferences<\/em>, then&nbsp;<em>Privacy<\/em>.<\/li>\n\n\n\n<li>Here you will see the option&nbsp;<em>Block cookies<\/em>&nbsp;to set the type of blocking you want to perform.<\/li>\n<\/ul>\n\n\n\n<p>To access the settings&nbsp;<em>cookies<\/em>&nbsp;from the browser&nbsp;<strong>Safari for iOS<\/strong>Follow these steps (they may vary depending on the browser version):<\/p>\n\n\n\n<ul class=\"wp-block-list\">\n<li>Go to&nbsp;<em>Settings<\/em>, then&nbsp;<em>Safari<\/em>.<\/li>\n\n\n\n<li>Go to&nbsp;<em>Privacy &amp; Security<\/em>, you will see the option&nbsp;<em>Block cookies<\/em>&nbsp;to set the type of blocking you want to perform.<\/li>\n<\/ul>\n\n\n\n<p>To access the settings&nbsp;<em>cookies<\/em>&nbsp;browser for devices&nbsp;<strong>Android<\/strong>&nbsp;Follow these steps (they may vary depending on the browser version):<\/p>\n\n\n\n<ul class=\"wp-block-list\">\n<li>Launch the browser and press the key&nbsp;<em>Menu<\/em>, then&nbsp;<em>Settings<\/em>.<\/li>\n\n\n\n<li>Go to&nbsp;<em>Security and Privacy<\/em>, you will see the option&nbsp;<em>Accept cookies<\/em>&nbsp;to activate or deactivate the box.<\/li>\n<\/ul>\n\n\n\n<p>To access the settings&nbsp;<em>cookies<\/em>&nbsp;browser for devices&nbsp;<strong>Windows Phone&nbsp;<\/strong>Follow these steps (they may vary depending on the browser version):<\/p>\n\n\n\n<ul class=\"wp-block-list\">\n<li>Open&nbsp;<em>Internet Explorer<\/em>, then&nbsp;<em>Further<\/em>, then&nbsp;<em>Setting<\/em><\/li>\n\n\n\n<li>You can now check or uncheck the box&nbsp;<em>Allow cookies<\/em>.<\/li>\n<\/ul>\n<\/div><\/div>\n\n<\/div><\/div>","protected":false},"excerpt":{"rendered":"<p>Apartado 1 Una&nbsp;cookie&nbsp;es un peque\u00f1o fichero de texto que se almacena en su navegador cuando visita casi cualquier p\u00e1gina web. Su utilidad es que la web sea capaz de recordar su visita cuando vuelva a navegar por esa p\u00e1gina. Las&nbsp;cookies&nbsp;suelen almacenar informaci\u00f3n de car\u00e1cter t\u00e9cnico, preferencias personales, personalizaci\u00f3n de contenidos, estad\u00edsticas de uso, enlaces a&#8230;<\/p>","protected":false},"author":1,"featured_media":0,"parent":0,"menu_order":66,"comment_status":"closed","ping_status":"closed","template":"","meta":{"_kad_blocks_custom_css":"","_kad_blocks_head_custom_js":"","_kad_blocks_body_custom_js":"","_kad_blocks_footer_custom_js":"","_kad_post_transparent":"disable","_kad_post_title":"show","_kad_post_layout":"narrow","_kad_post_sidebar_id":"","_kad_post_content_style":"","_kad_post_vertical_padding":"","_kad_post_feature":"","_kad_post_feature_position":"","_kad_post_header":false,"_kad_post_footer":false,"_kad_post_classname":"","footnotes":""},"class_list":["post-781","page","type-page","status-publish","hentry"],"yoast_head":"<!-- This site is optimized with the Yoast SEO plugin v26.7 - https:\/\/yoast.com\/wordpress\/plugins\/seo\/ -->\n<title>Pol\u00edtica de Cookies - Aut\u00e8ntics Magatzems Serra<\/title>\n<meta name=\"robots\" content=\"index, follow, max-snippet:-1, max-image-preview:large, max-video-preview:-1\" \/>\n<link rel=\"canonical\" href=\"https:\/\/serracortinas.com\/en\/politica-de-cookies\/\" \/>\n<meta property=\"og:locale\" content=\"en_GB\" \/>\n<meta property=\"og:type\" content=\"article\" \/>\n<meta property=\"og:title\" content=\"Pol\u00edtica de Cookies - Aut\u00e8ntics Magatzems Serra\" \/>\n<meta property=\"og:description\" content=\"Apartado 1 Una&nbsp;cookie&nbsp;es un peque\u00f1o fichero de texto que se almacena en su navegador cuando visita casi cualquier p\u00e1gina web. Su utilidad es que la web sea capaz de recordar su visita cuando vuelva a navegar por esa p\u00e1gina. Las&nbsp;cookies&nbsp;suelen almacenar informaci\u00f3n de car\u00e1cter t\u00e9cnico, preferencias personales, personalizaci\u00f3n de contenidos, estad\u00edsticas de uso, enlaces a...\" \/>\n<meta property=\"og:url\" content=\"https:\/\/serracortinas.com\/en\/politica-de-cookies\/\" \/>\n<meta property=\"og:site_name\" content=\"Aut\u00e8ntics Magatzems Serra\" \/>\n<meta property=\"article:modified_time\" content=\"2023-06-19T10:19:49+00:00\" \/>\n<meta name=\"twitter:card\" content=\"summary_large_image\" \/>\n<meta name=\"twitter:label1\" content=\"Estimated reading time\" \/>\n\t<meta name=\"twitter:data1\" content=\"10 minutes\" \/>\n<script type=\"application\/ld+json\" class=\"yoast-schema-graph\">{\"@context\":\"https:\/\/schema.org\",\"@graph\":[{\"@type\":\"WebPage\",\"@id\":\"https:\/\/serracortinas.com\/politica-de-cookies\/\",\"url\":\"https:\/\/serracortinas.com\/politica-de-cookies\/\",\"name\":\"Pol\u00edtica de Cookies - Aut\u00e8ntics Magatzems Serra\",\"isPartOf\":{\"@id\":\"https:\/\/serracortinas.com\/#website\"},\"datePublished\":\"2023-06-07T15:47:32+00:00\",\"dateModified\":\"2023-06-19T10:19:49+00:00\",\"breadcrumb\":{\"@id\":\"https:\/\/serracortinas.com\/politica-de-cookies\/#breadcrumb\"},\"inLanguage\":\"en-GB\",\"potentialAction\":[{\"@type\":\"ReadAction\",\"target\":[\"https:\/\/serracortinas.com\/politica-de-cookies\/\"]}]},{\"@type\":\"BreadcrumbList\",\"@id\":\"https:\/\/serracortinas.com\/politica-de-cookies\/#breadcrumb\",\"itemListElement\":[{\"@type\":\"ListItem\",\"position\":1,\"name\":\"Portada\",\"item\":\"https:\/\/serracortinas.com\/\"},{\"@type\":\"ListItem\",\"position\":2,\"name\":\"Pol\u00edtica de Cookies\"}]},{\"@type\":\"WebSite\",\"@id\":\"https:\/\/serracortinas.com\/#website\",\"url\":\"https:\/\/serracortinas.com\/\",\"name\":\"Aut\u00e8ntics Magatzems Serra\",\"description\":\"Cortinas t\u00e9cnicas, funcionalidad y dise\u00f1o\",\"publisher\":{\"@id\":\"https:\/\/serracortinas.com\/#organization\"},\"potentialAction\":[{\"@type\":\"SearchAction\",\"target\":{\"@type\":\"EntryPoint\",\"urlTemplate\":\"https:\/\/serracortinas.com\/?s={search_term_string}\"},\"query-input\":{\"@type\":\"PropertyValueSpecification\",\"valueRequired\":true,\"valueName\":\"search_term_string\"}}],\"inLanguage\":\"en-GB\"},{\"@type\":\"Organization\",\"@id\":\"https:\/\/serracortinas.com\/#organization\",\"name\":\"Aut\u00e8ntics Magatzems Serra\",\"url\":\"https:\/\/serracortinas.com\/\",\"logo\":{\"@type\":\"ImageObject\",\"inLanguage\":\"en-GB\",\"@id\":\"https:\/\/serracortinas.com\/#\/schema\/logo\/image\/\",\"url\":\"https:\/\/serracortinas.com\/wp-content\/uploads\/2023\/10\/logo.png\",\"contentUrl\":\"https:\/\/serracortinas.com\/wp-content\/uploads\/2023\/10\/logo.png\",\"width\":2048,\"height\":753,\"caption\":\"Aut\u00e8ntics Magatzems Serra\"},\"image\":{\"@id\":\"https:\/\/serracortinas.com\/#\/schema\/logo\/image\/\"}}]}<\/script>\n<!-- \/ Yoast SEO plugin. -->","yoast_head_json":{"title":"Pol\u00edtica de Cookies - Aut\u00e8ntics Magatzems Serra","robots":{"index":"index","follow":"follow","max-snippet":"max-snippet:-1","max-image-preview":"max-image-preview:large","max-video-preview":"max-video-preview:-1"},"canonical":"https:\/\/serracortinas.com\/en\/politica-de-cookies\/","og_locale":"en_GB","og_type":"article","og_title":"Pol\u00edtica de Cookies - Aut\u00e8ntics Magatzems Serra","og_description":"Apartado 1 Una&nbsp;cookie&nbsp;es un peque\u00f1o fichero de texto que se almacena en su navegador cuando visita casi cualquier p\u00e1gina web. Su utilidad es que la web sea capaz de recordar su visita cuando vuelva a navegar por esa p\u00e1gina. Las&nbsp;cookies&nbsp;suelen almacenar informaci\u00f3n de car\u00e1cter t\u00e9cnico, preferencias personales, personalizaci\u00f3n de contenidos, estad\u00edsticas de uso, enlaces a...","og_url":"https:\/\/serracortinas.com\/en\/politica-de-cookies\/","og_site_name":"Aut\u00e8ntics Magatzems Serra","article_modified_time":"2023-06-19T10:19:49+00:00","twitter_card":"summary_large_image","twitter_misc":{"Estimated reading time":"10 minutes"},"schema":{"@context":"https:\/\/schema.org","@graph":[{"@type":"WebPage","@id":"https:\/\/serracortinas.com\/politica-de-cookies\/","url":"https:\/\/serracortinas.com\/politica-de-cookies\/","name":"Pol\u00edtica de Cookies - Aut\u00e8ntics Magatzems Serra","isPartOf":{"@id":"https:\/\/serracortinas.com\/#website"},"datePublished":"2023-06-07T15:47:32+00:00","dateModified":"2023-06-19T10:19:49+00:00","breadcrumb":{"@id":"https:\/\/serracortinas.com\/politica-de-cookies\/#breadcrumb"},"inLanguage":"en-GB","potentialAction":[{"@type":"ReadAction","target":["https:\/\/serracortinas.com\/politica-de-cookies\/"]}]},{"@type":"BreadcrumbList","@id":"https:\/\/serracortinas.com\/politica-de-cookies\/#breadcrumb","itemListElement":[{"@type":"ListItem","position":1,"name":"Portada","item":"https:\/\/serracortinas.com\/"},{"@type":"ListItem","position":2,"name":"Pol\u00edtica de Cookies"}]},{"@type":"WebSite","@id":"https:\/\/serracortinas.com\/#website","url":"https:\/\/serracortinas.com\/","name":"Authentic Magatzems Serra","description":"Technical curtains, functionality and design","publisher":{"@id":"https:\/\/serracortinas.com\/#organization"},"potentialAction":[{"@type":"SearchAction","target":{"@type":"EntryPoint","urlTemplate":"https:\/\/serracortinas.com\/?s={search_term_string}"},"query-input":{"@type":"PropertyValueSpecification","valueRequired":true,"valueName":"search_term_string"}}],"inLanguage":"en-GB"},{"@type":"Organization","@id":"https:\/\/serracortinas.com\/#organization","name":"Authentic Magatzems Serra","url":"https:\/\/serracortinas.com\/","logo":{"@type":"ImageObject","inLanguage":"en-GB","@id":"https:\/\/serracortinas.com\/#\/schema\/logo\/image\/","url":"https:\/\/serracortinas.com\/wp-content\/uploads\/2023\/10\/logo.png","contentUrl":"https:\/\/serracortinas.com\/wp-content\/uploads\/2023\/10\/logo.png","width":2048,"height":753,"caption":"Aut\u00e8ntics Magatzems Serra"},"image":{"@id":"https:\/\/serracortinas.com\/#\/schema\/logo\/image\/"}}]}},"taxonomy_info":[],"featured_image_src_large":false,"author_info":{"display_name":"eloi","author_link":"https:\/\/serracortinas.com\/en\/author\/eloi\/"},"comment_info":0,"_links":{"self":[{"href":"https:\/\/serracortinas.com\/en\/wp-json\/wp\/v2\/pages\/781","targetHints":{"allow":["GET"]}}],"collection":[{"href":"https:\/\/serracortinas.com\/en\/wp-json\/wp\/v2\/pages"}],"about":[{"href":"https:\/\/serracortinas.com\/en\/wp-json\/wp\/v2\/types\/page"}],"author":[{"embeddable":true,"href":"https:\/\/serracortinas.com\/en\/wp-json\/wp\/v2\/users\/1"}],"replies":[{"embeddable":true,"href":"https:\/\/serracortinas.com\/en\/wp-json\/wp\/v2\/comments?post=781"}],"version-history":[{"count":0,"href":"https:\/\/serracortinas.com\/en\/wp-json\/wp\/v2\/pages\/781\/revisions"}],"wp:attachment":[{"href":"https:\/\/serracortinas.com\/en\/wp-json\/wp\/v2\/media?parent=781"}],"curies":[{"name":"wp","href":"https:\/\/api.w.org\/{rel}","templated":true}]}}