{"id":2695,"date":"2023-09-26T12:40:44","date_gmt":"2023-09-26T12:40:44","guid":{"rendered":"https:\/\/serracortinas.com\/?page_id=2695"},"modified":"2023-09-26T12:40:45","modified_gmt":"2023-09-26T12:40:45","slug":"mapa-del-sitio","status":"publish","type":"page","link":"https:\/\/serracortinas.com\/en\/mapa-del-sitio\/","title":{"rendered":"Site Map"},"content":{"rendered":"<style>.kb-row-layout-id_4ca2dc-b4 > .kt-row-column-wrap{align-content:start;}:where(.kb-row-layout-id_4ca2dc-b4 > .kt-row-column-wrap) > .wp-block-kadence-column{justify-content:start;}.kb-row-layout-id_4ca2dc-b4 > .kt-row-column-wrap{column-gap:var(--global-kb-gap-md, 2rem);row-gap:var(--global-kb-gap-md, 2rem);padding-top:var(--global-kb-spacing-sm, 1.5rem);padding-bottom:var(--global-kb-spacing-sm, 1.5rem);grid-template-columns:minmax(0, 1fr);}.kb-row-layout-id_4ca2dc-b4 > .kt-row-layout-overlay{opacity:0.30;}@media all and (max-width: 1024px){.kb-row-layout-id_4ca2dc-b4 > .kt-row-column-wrap{grid-template-columns:minmax(0, 1fr);}}@media all and (max-width: 767px){.kb-row-layout-id_4ca2dc-b4 > .kt-row-column-wrap{grid-template-columns:minmax(0, 1fr);}}<\/style><div class=\"kb-row-layout-wrap kb-row-layout-id_4ca2dc-b4 alignnone wp-block-kadence-rowlayout\"><div class=\"kt-row-column-wrap kt-has-1-columns kt-row-layout-equal kt-tab-layout-inherit kt-mobile-layout-row kt-row-valign-top\">\n<style>.kadence-column_7aa0eb-ed > .kt-inside-inner-col,.kadence-column_7aa0eb-ed > .kt-inside-inner-col:before{border-top-left-radius:0px;border-top-right-radius:0px;border-bottom-right-radius:0px;border-bottom-left-radius:0px;}.kadence-column_7aa0eb-ed > .kt-inside-inner-col{column-gap:var(--global-kb-gap-sm, 1rem);}.kadence-column_7aa0eb-ed > .kt-inside-inner-col{flex-direction:column;}.kadence-column_7aa0eb-ed > .kt-inside-inner-col > .aligncenter{width:100%;}.kadence-column_7aa0eb-ed > .kt-inside-inner-col:before{opacity:0.3;}.kadence-column_7aa0eb-ed{position:relative;}@media all and (max-width: 1024px){.kadence-column_7aa0eb-ed > .kt-inside-inner-col{flex-direction:column;justify-content:center;}}@media all and (max-width: 767px){.kadence-column_7aa0eb-ed > .kt-inside-inner-col{flex-direction:column;justify-content:center;}}<\/style>\n<div class=\"wp-block-kadence-column kadence-column_7aa0eb-ed\"><div class=\"kt-inside-inner-col\">\n<div class=\"wsp-container\"><h2 class=\"wsp-pages-title\">Pages<\/h2>\n<ul class=\"wsp-pages-list\">\n<li class=\"page_item page-item-3315\"><a href=\"https:\/\/serracortinas.com\/en\/toldos-pergolas\/\">Toldos a medida y P\u00e9rgolas bioclim\u00e1ticas<\/a><\/li>\n<li class=\"page_item page-item-3291\"><a href=\"https:\/\/serracortinas.com\/en\/cortinas-a-medida\/\">Custom curtains<\/a><\/li>\n<li class=\"page_item page-item-780\"><a href=\"https:\/\/serracortinas.com\/en\/aviso-legal\/\">Legal warning<\/a><\/li>\n<li class=\"page_item page-item-626 current_page_parent\"><a href=\"https:\/\/serracortinas.com\/en\/blog\/\">Blog<\/a><\/li>\n<li class=\"page_item page-item-1824\"><a href=\"https:\/\/serracortinas.com\/en\/conocenos\/\">know us<\/a><\/li>\n<li class=\"page_item page-item-627\"><a href=\"https:\/\/serracortinas.com\/en\/contacto\/\">Contact<\/a><\/li>\n<li class=\"page_item page-item-2456\"><a href=\"https:\/\/serracortinas.com\/en\/cortina-a-medida\/\">Custom curtain<\/a><\/li>\n<li class=\"page_item page-item-3474\"><a href=\"https:\/\/serracortinas.com\/en\/pergolas-bioclimaticas-sabadell\/\">P\u00e9rgolas bioclim\u00e1ticas Sabadell<\/a><\/li>\n<li class=\"page_item page-item-3287\"><a href=\"https:\/\/serracortinas.com\/en\/cortinas-a-medida-sant-quirze\/\">Cortinas a medida Sant Quirze<\/a><\/li>\n<li class=\"page_item page-item-2455\"><a href=\"https:\/\/serracortinas.com\/en\/cortina-ollaos\/\">Eyelet curtain<\/a><\/li>\n<li class=\"page_item page-item-2454\"><a href=\"https:\/\/serracortinas.com\/en\/cortina-plisada\/\">Pleated Curtain<\/a><\/li>\n<li class=\"page_item page-item-2728\"><a href=\"https:\/\/serracortinas.com\/en\/cortina-plisada-en-terrassa\/\">Pleated curtain in Terrassa<\/a><\/li>\n<li class=\"page_item page-item-2453\"><a href=\"https:\/\/serracortinas.com\/en\/cortina-veneciana\/\">Venetian curtain<\/a><\/li>\n<li class=\"page_item page-item-2724\"><a href=\"https:\/\/serracortinas.com\/en\/cortina-veneciana-terrassa\/\">Terrassa venetian curtain<\/a><\/li>\n<li class=\"page_item page-item-1821 page_item_has_children\"><a href=\"https:\/\/serracortinas.com\/en\/cortinas\/\">Curtains<\/a>\n<ul class='children'>\n\t<li class=\"page_item page-item-1896\"><a href=\"https:\/\/serracortinas.com\/en\/cortinas\/cortina-convencional\/\">CONVENTIONAL CURTAIN<\/a><\/li>\n\t<li class=\"page_item page-item-1898\"><a href=\"https:\/\/serracortinas.com\/en\/cortinas\/cortina-enrollable\/\">ROLLER BLIND<\/a><\/li>\n\t<li class=\"page_item page-item-1900\"><a href=\"https:\/\/serracortinas.com\/en\/cortinas\/cortina-veneciana\/\">VENETIAN CURTAIN<\/a><\/li>\n\t<li class=\"page_item page-item-1899\"><a href=\"https:\/\/serracortinas.com\/en\/cortinas\/cortina-vertical\/\">VERTICAL CURTAIN<\/a><\/li>\n\t<li class=\"page_item page-item-1897\"><a href=\"https:\/\/serracortinas.com\/en\/cortinas\/estor\/\">BLIND<\/a><\/li>\n\t<li class=\"page_item page-item-1901\"><a href=\"https:\/\/serracortinas.com\/en\/cortinas\/panel-japones\/\">JAPANESE PANEL<\/a><\/li>\n<\/ul>\n<\/li>\n<li class=\"page_item page-item-3246\"><a href=\"https:\/\/serracortinas.com\/en\/diseno-cortinas-a-medida-sabadell\/\">Dise\u00f1o cortinas a medida Sabadell<\/a><\/li>\n<li class=\"page_item page-item-2722\"><a href=\"https:\/\/serracortinas.com\/en\/cortinas-a-medida-terrassa\/\">Terrassa custom curtains<\/a><\/li>\n<li class=\"page_item page-item-3621\"><a href=\"https:\/\/serracortinas.com\/en\/cortinas-a-medida-sitges\/\">Cortinas a medida Sitges<\/a><\/li>\n<li class=\"page_item page-item-3624\"><a href=\"https:\/\/serracortinas.com\/en\/cortinas-a-medida-andorra\/\">Cortinas a medida Andorra<\/a><\/li>\n<li class=\"page_item page-item-3630\"><a href=\"https:\/\/serracortinas.com\/en\/cortinas-a-medida-barcelona\/\">Cortinas a medida Barcelona<\/a><\/li>\n<li class=\"page_item page-item-3645\"><a href=\"https:\/\/serracortinas.com\/en\/cortinas-a-medida-sant-cugat-2\/\">Custom curtains Sant Cugat<\/a><\/li>\n<li class=\"page_item page-item-3653\"><a href=\"https:\/\/serracortinas.com\/en\/diseno-cortinas-andorra\/\">Dise\u00f1o cortinas Andorra<\/a><\/li>\n<li class=\"page_item page-item-3655\"><a href=\"https:\/\/serracortinas.com\/en\/cortinas-a-medida-sant-gervasi\/\">Cortinas a medida Sant Gervasi<\/a><\/li>\n<li class=\"page_item page-item-3680\"><a href=\"https:\/\/serracortinas.com\/en\/cortinas-personalizadas-pedralbes\/\">Cortinas personalizadas Pedralbes<\/a><\/li>\n<li class=\"page_item page-item-3651\"><a href=\"https:\/\/serracortinas.com\/en\/comprar-cortinas-sitges\/\">Comprar cortinas Sitges<\/a><\/li>\n<li class=\"page_item page-item-3627\"><a href=\"https:\/\/serracortinas.com\/en\/cortinas-a-medida-sant-cugat\/\">Custom curtains Sant Cugat<\/a><\/li>\n<li class=\"page_item page-item-3258\"><a href=\"https:\/\/serracortinas.com\/en\/cortinas-a-medida-sabadell\/\">Cortinas a medida Sabadell<\/a><\/li>\n<li class=\"page_item page-item-2452\"><a href=\"https:\/\/serracortinas.com\/en\/cortinas-enrollables\/\">Roller blinds<\/a><\/li>\n<li class=\"page_item page-item-3240\"><a href=\"https:\/\/serracortinas.com\/en\/comprar-cortinas-a-medida-terrassa\/\">Comprar cortinas a medida Terrassa<\/a><\/li>\n<li class=\"page_item page-item-2451\"><a href=\"https:\/\/serracortinas.com\/en\/cortinas-personalizadas\/\">Custom curtains<\/a><\/li>\n<li class=\"page_item page-item-2450\"><a href=\"https:\/\/serracortinas.com\/en\/cortinas-tecnicas\/\">Technical curtains<\/a><\/li>\n<li class=\"page_item page-item-783\"><a href=\"https:\/\/serracortinas.com\/en\/declaracion-de-accesibilidad\/\">Accessibility statement<\/a><\/li>\n<li class=\"page_item page-item-616\"><a href=\"https:\/\/serracortinas.com\/en\/\">Home<\/a><\/li>\n<li class=\"page_item page-item-3488\"><a href=\"https:\/\/serracortinas.com\/en\/instalacion-cortinas-sabadell\/\">Instalaci\u00f3n cortinas Sabadell<\/a><\/li>\n<li class=\"page_item page-item-2449\"><a href=\"https:\/\/serracortinas.com\/en\/instalacion-cortinas\/\">Curtain installation<\/a><\/li>\n<li class=\"page_item page-item-2448\"><a href=\"https:\/\/serracortinas.com\/en\/instalacion-toldo\/\">Awning installation<\/a><\/li>\n<li class=\"page_item page-item-3224\"><a href=\"https:\/\/serracortinas.com\/en\/toldo-vertical-sabadell\/\">Toldo vertical Sabadell<\/a><\/li>\n<li class=\"page_item page-item-3226\"><a href=\"https:\/\/serracortinas.com\/en\/toldo-vertical-terrassa\/\">Toldo vertical Terrassa<\/a><\/li>\n<li class=\"page_item page-item-3724\"><a href=\"https:\/\/serracortinas.com\/en\/cortinas-a-medida-badalona\/\">Cortinas a medida Badalona<\/a><\/li>\n<li class=\"page_item page-item-3726\"><a href=\"https:\/\/serracortinas.com\/en\/cortinas-a-medida-castelldefels\/\">Cortinas a medida Castelldefels<\/a><\/li>\n<li class=\"page_item page-item-3728\"><a href=\"https:\/\/serracortinas.com\/en\/cortinas-a-medida-vilanova-i-la-geltru\/\">Cortinas a medida Vilanova i la Geltr\u00fa<\/a><\/li>\n<li class=\"page_item page-item-3757\"><a href=\"https:\/\/serracortinas.com\/en\/textil-hogar-sant-cugat\/\">Textil hogar Sant Cugat<\/a><\/li>\n<li class=\"page_item page-item-3775\"><a href=\"https:\/\/serracortinas.com\/en\/toldos-a-medida-sitges\/\">Toldos a medida Sitges<\/a><\/li>\n<li class=\"page_item page-item-3768\"><a href=\"https:\/\/serracortinas.com\/en\/toldos-a-medida-sant-cugat\/\">Toldos a medida Sant Cugat<\/a><\/li>\n<li class=\"page_item page-item-3778\"><a href=\"https:\/\/serracortinas.com\/en\/cortinas-a-medida-pedralbes\/\">Cortinas a medida Pedralbes<\/a><\/li>\n<li class=\"page_item page-item-3733\"><a href=\"https:\/\/serracortinas.com\/en\/cortinas-a-medida-sant-andreu\/\">Cortinas a medida Sant Andreu<\/a><\/li>\n<li class=\"page_item page-item-3683\"><a href=\"https:\/\/serracortinas.com\/en\/toldos-a-medida-andorra\/\">Toldos a medida Andorra<\/a><\/li>\n<li class=\"page_item page-item-2447\"><a href=\"https:\/\/serracortinas.com\/en\/lavado-cortinas\/\">Washing curtains<\/a><\/li>\n<li class=\"page_item page-item-2695\"><a href=\"https:\/\/serracortinas.com\/en\/mapa-del-sitio\/\">Site Map<\/a><\/li>\n<li class=\"page_item page-item-2468\"><a href=\"https:\/\/serracortinas.com\/en\/panel-japones\/\">Japanese panel<\/a><\/li>\n<li class=\"page_item page-item-2726\"><a href=\"https:\/\/serracortinas.com\/en\/paneles-japoneses-en-terrassa\/\">Japanese panels in Terrassa<\/a><\/li>\n<li class=\"page_item page-item-2469\"><a href=\"https:\/\/serracortinas.com\/en\/pergola-bioclimatica\/\">Bioclimatic pergola<\/a><\/li>\n<li class=\"page_item page-item-781\"><a href=\"https:\/\/serracortinas.com\/en\/politica-de-cookies\/\">Cookies policy<\/a><\/li>\n<li class=\"page_item page-item-782\"><a href=\"https:\/\/serracortinas.com\/en\/politica-de-privacidad\/\">Privacy Policy<\/a><\/li>\n<li class=\"page_item page-item-1827\"><a href=\"https:\/\/serracortinas.com\/en\/profesionales\/\">Professionals<\/a><\/li>\n<li class=\"page_item page-item-1826\"><a href=\"https:\/\/serracortinas.com\/en\/proyectos\/\">Projects<\/a><\/li>\n<li class=\"page_item page-item-2737\"><a href=\"https:\/\/serracortinas.com\/en\/tapizados\/\">Upholstered<\/a><\/li>\n<li class=\"page_item page-item-2470\"><a href=\"https:\/\/serracortinas.com\/en\/textiles-decoracion\/\">Decoration textiles<\/a><\/li>\n<li class=\"page_item page-item-2467\"><a href=\"https:\/\/serracortinas.com\/en\/toldo-balcon\/\">Balcony awning<\/a><\/li>\n<li class=\"page_item page-item-2471\"><a href=\"https:\/\/serracortinas.com\/en\/toldo-cofre\/\">Chest awning<\/a><\/li>\n<li class=\"page_item page-item-2472\"><a href=\"https:\/\/serracortinas.com\/en\/toldo-corredero\/\">Sliding awning<\/a><\/li>\n<li class=\"page_item page-item-2473\"><a href=\"https:\/\/serracortinas.com\/en\/toldo-de-brazos\/\">Arm awning<\/a><\/li>\n<li class=\"page_item page-item-1825 page_item_has_children\"><a href=\"https:\/\/serracortinas.com\/en\/toldos\/\">Awnings<\/a>\n<ul class='children'>\n\t<li class=\"page_item page-item-1908\"><a href=\"https:\/\/serracortinas.com\/en\/toldos\/cortina-de-toldo\/\">AWNING CURTAIN<\/a><\/li>\n\t<li class=\"page_item page-item-1915\"><a href=\"https:\/\/serracortinas.com\/en\/toldos\/pergola-bioclimatica\/\">BIOCLIMATIC PERGOLA<\/a><\/li>\n\t<li class=\"page_item page-item-1909\"><a href=\"https:\/\/serracortinas.com\/en\/toldos\/toldo-balcon\/\">BALCONY AWNING<\/a><\/li>\n\t<li class=\"page_item page-item-1910\"><a href=\"https:\/\/serracortinas.com\/en\/toldos\/toldo-brazos-invisibles\/\">AWNING WITH INVISIBLE ARMS<\/a><\/li>\n\t<li class=\"page_item page-item-1913\"><a href=\"https:\/\/serracortinas.com\/en\/toldos\/toldo-cofre\/\">CHEST AWNING<\/a><\/li>\n\t<li class=\"page_item page-item-1914\"><a href=\"https:\/\/serracortinas.com\/en\/toldos\/toldo-corredero\/\">SLIDING AWNING<\/a><\/li>\n\t<li class=\"page_item page-item-1912\"><a href=\"https:\/\/serracortinas.com\/en\/toldos\/toldo-punto-recto\/\">STRAIGHT POINT AWNING<\/a><\/li>\n\t<li class=\"page_item page-item-1911\"><a href=\"https:\/\/serracortinas.com\/en\/toldos\/toldo-vertical\/\">VERTICAL AWNING<\/a><\/li>\n<\/ul>\n<\/li>\n<li class=\"page_item page-item-2474\"><a href=\"https:\/\/serracortinas.com\/en\/toldos-a-medida\/\">Custom awnings<\/a><\/li>\n<li class=\"page_item page-item-2475\"><a href=\"https:\/\/serracortinas.com\/en\/toldos-personalizados\/\">Custom awnings<\/a><\/li>\n<li class=\"page_item page-item-2486\"><a href=\"https:\/\/serracortinas.com\/en\/toma-de-medidas-cortina\/\">Taking curtain measurements<\/a><\/li>\n<li class=\"page_item page-item-2485\"><a href=\"https:\/\/serracortinas.com\/en\/toma-de-medidas-toldo\/\">Taking awning measurements<\/a><\/li>\n<\/ul>\n<h2 class=\"wsp-proyectos-title\">Projects<\/h2>\n<ul class=\"wsp-proyectos-list\">\n<li><a href=\"https:\/\/serracortinas.com\/en\/proyecto\/toldo-cofre-a-motor\/\">Toldo Cofre a motor<\/a><\/li>\n<li><a href=\"https:\/\/serracortinas.com\/en\/proyecto\/tendal-corredis-restaurant-2002\/\">Toldo corredizo Restaurant 2002<\/a><\/li>\n<li><a href=\"https:\/\/serracortinas.com\/en\/proyecto\/arnau\/\">P\u00e9rgola Bioclim\u00e1tica con cerramiento en Les Fonts (Terrassa)<\/a><\/li>\n<li><a href=\"https:\/\/serracortinas.com\/en\/proyecto\/sitges\/\">P\u00e8rgola Bioclim\u00e0tica Retr\u00e0ctil a Sitges<\/a><\/li>\n<li><a href=\"https:\/\/serracortinas.com\/en\/proyecto\/tendal-corredis-despatx-manresa\/\">Toldo corredizo despacho Manresa<\/a><\/li>\n<li><a href=\"https:\/\/serracortinas.com\/en\/proyecto\/cortinas-de-tablas-con-caidas-blackout-para-zona-de-lectura-y-descanso\/\">Board curtains with blackout drops for reading and rest area<\/a><\/li>\n<li><a href=\"https:\/\/serracortinas.com\/en\/proyecto\/elegancia-clasica-con-un-toque-moderno-para-su-comedor\/\">Table curtains with blackout drops for modern dining room<\/a><\/li>\n<li><a href=\"https:\/\/serracortinas.com\/en\/proyecto\/estor-y-cortina-blackout-con-riel-curvado-para-habitacion-infantil\/\">Blackout blind and curtain with curved rail for children&#039;s room<\/a><\/li>\n<li><a href=\"https:\/\/serracortinas.com\/en\/proyecto\/cortina-con-cinta-de-tablas-para-comedor-rustico\/\">Curtain with ribbon boards for rustic dining room<\/a><\/li>\n<li><a href=\"https:\/\/serracortinas.com\/en\/proyecto\/cortinas-de-rizo-automatico-para-un-comedor-casual\/\">Self-curling curtains for a casual dining room<\/a><\/li>\n<li><a href=\"https:\/\/serracortinas.com\/en\/proyecto\/cortina-1000-rayas-o-noche-dia-para-comedor\/\">Curtain 1000 stripes or night\/day for dining room<\/a><\/li>\n<li><a href=\"https:\/\/serracortinas.com\/en\/proyecto\/cortina-enrollable-screen-5-en-color-blanco-para-cocina\/\">Screen 5% roller blind in white for kitchen<\/a><\/li>\n<li><a href=\"https:\/\/serracortinas.com\/en\/proyecto\/elegancia-clasica-con-un-toque-moderno-para-su-comedor-2\/\">Classic elegance with a modern touch for your dining room<\/a><\/li>\n<li><a href=\"https:\/\/serracortinas.com\/en\/proyecto\/cortinas-a-medida-para-cada-estancia\/\">Custom curtains for each room<\/a><\/li>\n<\/ul>\n<\/div>\n<\/div><\/div>\n\n<\/div><\/div>","protected":false},"excerpt":{"rendered":"","protected":false},"author":6,"featured_media":0,"parent":0,"menu_order":60,"comment_status":"closed","ping_status":"closed","template":"","meta":{"_kad_blocks_custom_css":"","_kad_blocks_head_custom_js":"","_kad_blocks_body_custom_js":"","_kad_blocks_footer_custom_js":"","_kad_post_transparent":"disable","_kad_post_title":"show","_kad_post_layout":"narrow","_kad_post_sidebar_id":"","_kad_post_content_style":"","_kad_post_vertical_padding":"","_kad_post_feature":"","_kad_post_feature_position":"","_kad_post_header":false,"_kad_post_footer":false,"_kad_post_classname":"","footnotes":""},"class_list":["post-2695","page","type-page","status-publish","hentry"],"yoast_head":"<!-- This site is optimized with the Yoast SEO plugin v26.7 - https:\/\/yoast.com\/wordpress\/plugins\/seo\/ -->\n<title>Mapa del sitio - Aut\u00e8ntics Magatzems Serra<\/title>\n<meta name=\"robots\" content=\"index, follow, max-snippet:-1, max-image-preview:large, max-video-preview:-1\" \/>\n<link rel=\"canonical\" href=\"https:\/\/serracortinas.com\/en\/mapa-del-sitio\/\" \/>\n<meta property=\"og:locale\" content=\"en_GB\" \/>\n<meta property=\"og:type\" content=\"article\" \/>\n<meta property=\"og:title\" content=\"Mapa del sitio - Aut\u00e8ntics Magatzems Serra\" \/>\n<meta property=\"og:url\" content=\"https:\/\/serracortinas.com\/en\/mapa-del-sitio\/\" \/>\n<meta property=\"og:site_name\" content=\"Aut\u00e8ntics Magatzems Serra\" \/>\n<meta property=\"article:modified_time\" content=\"2023-09-26T12:40:45+00:00\" \/>\n<meta name=\"twitter:card\" content=\"summary_large_image\" \/>\n<meta name=\"twitter:label1\" content=\"Estimated reading time\" \/>\n\t<meta name=\"twitter:data1\" content=\"1 minute\" \/>\n<script type=\"application\/ld+json\" class=\"yoast-schema-graph\">{\"@context\":\"https:\/\/schema.org\",\"@graph\":[{\"@type\":\"WebPage\",\"@id\":\"https:\/\/serracortinas.com\/mapa-del-sitio\/\",\"url\":\"https:\/\/serracortinas.com\/mapa-del-sitio\/\",\"name\":\"Mapa del sitio - Aut\u00e8ntics Magatzems Serra\",\"isPartOf\":{\"@id\":\"https:\/\/serracortinas.com\/#website\"},\"datePublished\":\"2023-09-26T12:40:44+00:00\",\"dateModified\":\"2023-09-26T12:40:45+00:00\",\"breadcrumb\":{\"@id\":\"https:\/\/serracortinas.com\/mapa-del-sitio\/#breadcrumb\"},\"inLanguage\":\"en-GB\",\"potentialAction\":[{\"@type\":\"ReadAction\",\"target\":[\"https:\/\/serracortinas.com\/mapa-del-sitio\/\"]}]},{\"@type\":\"BreadcrumbList\",\"@id\":\"https:\/\/serracortinas.com\/mapa-del-sitio\/#breadcrumb\",\"itemListElement\":[{\"@type\":\"ListItem\",\"position\":1,\"name\":\"Portada\",\"item\":\"https:\/\/serracortinas.com\/\"},{\"@type\":\"ListItem\",\"position\":2,\"name\":\"Mapa del sitio\"}]},{\"@type\":\"WebSite\",\"@id\":\"https:\/\/serracortinas.com\/#website\",\"url\":\"https:\/\/serracortinas.com\/\",\"name\":\"Aut\u00e8ntics Magatzems Serra\",\"description\":\"Cortinas t\u00e9cnicas, funcionalidad y dise\u00f1o\",\"publisher\":{\"@id\":\"https:\/\/serracortinas.com\/#organization\"},\"potentialAction\":[{\"@type\":\"SearchAction\",\"target\":{\"@type\":\"EntryPoint\",\"urlTemplate\":\"https:\/\/serracortinas.com\/?s={search_term_string}\"},\"query-input\":{\"@type\":\"PropertyValueSpecification\",\"valueRequired\":true,\"valueName\":\"search_term_string\"}}],\"inLanguage\":\"en-GB\"},{\"@type\":\"Organization\",\"@id\":\"https:\/\/serracortinas.com\/#organization\",\"name\":\"Aut\u00e8ntics Magatzems Serra\",\"url\":\"https:\/\/serracortinas.com\/\",\"logo\":{\"@type\":\"ImageObject\",\"inLanguage\":\"en-GB\",\"@id\":\"https:\/\/serracortinas.com\/#\/schema\/logo\/image\/\",\"url\":\"https:\/\/serracortinas.com\/wp-content\/uploads\/2023\/10\/logo.png\",\"contentUrl\":\"https:\/\/serracortinas.com\/wp-content\/uploads\/2023\/10\/logo.png\",\"width\":2048,\"height\":753,\"caption\":\"Aut\u00e8ntics Magatzems Serra\"},\"image\":{\"@id\":\"https:\/\/serracortinas.com\/#\/schema\/logo\/image\/\"}}]}<\/script>\n<!-- \/ Yoast SEO plugin. -->","yoast_head_json":{"title":"Mapa del sitio - Aut\u00e8ntics Magatzems Serra","robots":{"index":"index","follow":"follow","max-snippet":"max-snippet:-1","max-image-preview":"max-image-preview:large","max-video-preview":"max-video-preview:-1"},"canonical":"https:\/\/serracortinas.com\/en\/mapa-del-sitio\/","og_locale":"en_GB","og_type":"article","og_title":"Mapa del sitio - Aut\u00e8ntics Magatzems Serra","og_url":"https:\/\/serracortinas.com\/en\/mapa-del-sitio\/","og_site_name":"Aut\u00e8ntics Magatzems Serra","article_modified_time":"2023-09-26T12:40:45+00:00","twitter_card":"summary_large_image","twitter_misc":{"Estimated reading time":"1 minute"},"schema":{"@context":"https:\/\/schema.org","@graph":[{"@type":"WebPage","@id":"https:\/\/serracortinas.com\/mapa-del-sitio\/","url":"https:\/\/serracortinas.com\/mapa-del-sitio\/","name":"Mapa del sitio - Aut\u00e8ntics Magatzems Serra","isPartOf":{"@id":"https:\/\/serracortinas.com\/#website"},"datePublished":"2023-09-26T12:40:44+00:00","dateModified":"2023-09-26T12:40:45+00:00","breadcrumb":{"@id":"https:\/\/serracortinas.com\/mapa-del-sitio\/#breadcrumb"},"inLanguage":"en-GB","potentialAction":[{"@type":"ReadAction","target":["https:\/\/serracortinas.com\/mapa-del-sitio\/"]}]},{"@type":"BreadcrumbList","@id":"https:\/\/serracortinas.com\/mapa-del-sitio\/#breadcrumb","itemListElement":[{"@type":"ListItem","position":1,"name":"Portada","item":"https:\/\/serracortinas.com\/"},{"@type":"ListItem","position":2,"name":"Mapa del sitio"}]},{"@type":"WebSite","@id":"https:\/\/serracortinas.com\/#website","url":"https:\/\/serracortinas.com\/","name":"Authentic Magatzems Serra","description":"Technical curtains, functionality and design","publisher":{"@id":"https:\/\/serracortinas.com\/#organization"},"potentialAction":[{"@type":"SearchAction","target":{"@type":"EntryPoint","urlTemplate":"https:\/\/serracortinas.com\/?s={search_term_string}"},"query-input":{"@type":"PropertyValueSpecification","valueRequired":true,"valueName":"search_term_string"}}],"inLanguage":"en-GB"},{"@type":"Organization","@id":"https:\/\/serracortinas.com\/#organization","name":"Authentic Magatzems Serra","url":"https:\/\/serracortinas.com\/","logo":{"@type":"ImageObject","inLanguage":"en-GB","@id":"https:\/\/serracortinas.com\/#\/schema\/logo\/image\/","url":"https:\/\/serracortinas.com\/wp-content\/uploads\/2023\/10\/logo.png","contentUrl":"https:\/\/serracortinas.com\/wp-content\/uploads\/2023\/10\/logo.png","width":2048,"height":753,"caption":"Aut\u00e8ntics Magatzems Serra"},"image":{"@id":"https:\/\/serracortinas.com\/#\/schema\/logo\/image\/"}}]}},"taxonomy_info":[],"featured_image_src_large":false,"author_info":{"display_name":"adminproyect","author_link":"https:\/\/serracortinas.com\/en\/author\/adminproyect\/"},"comment_info":0,"_links":{"self":[{"href":"https:\/\/serracortinas.com\/en\/wp-json\/wp\/v2\/pages\/2695","targetHints":{"allow":["GET"]}}],"collection":[{"href":"https:\/\/serracortinas.com\/en\/wp-json\/wp\/v2\/pages"}],"about":[{"href":"https:\/\/serracortinas.com\/en\/wp-json\/wp\/v2\/types\/page"}],"author":[{"embeddable":true,"href":"https:\/\/serracortinas.com\/en\/wp-json\/wp\/v2\/users\/6"}],"replies":[{"embeddable":true,"href":"https:\/\/serracortinas.com\/en\/wp-json\/wp\/v2\/comments?post=2695"}],"version-history":[{"count":1,"href":"https:\/\/serracortinas.com\/en\/wp-json\/wp\/v2\/pages\/2695\/revisions"}],"predecessor-version":[{"id":2696,"href":"https:\/\/serracortinas.com\/en\/wp-json\/wp\/v2\/pages\/2695\/revisions\/2696"}],"wp:attachment":[{"href":"https:\/\/serracortinas.com\/en\/wp-json\/wp\/v2\/media?parent=2695"}],"curies":[{"name":"wp","href":"https:\/\/api.w.org\/{rel}","templated":true}]}}