{"id":783,"date":"2023-06-07T15:55:40","date_gmt":"2023-06-07T15:55:40","guid":{"rendered":"https:\/\/serracortinas.com\/?page_id=783"},"modified":"2023-06-19T10:24:31","modified_gmt":"2023-06-19T10:24:31","slug":"declaracion-de-accesibilidad","status":"publish","type":"page","link":"https:\/\/serracortinas.com\/ca\/declaracion-de-accesibilidad\/","title":{"rendered":"Declaraci\u00f3 d&#039;accessibilitat"},"content":{"rendered":"<style>.kb-row-layout-id_4ca2dc-b4 > .kt-row-column-wrap{align-content:start;}:where(.kb-row-layout-id_4ca2dc-b4 > .kt-row-column-wrap) > .wp-block-kadence-column{justify-content:start;}.kb-row-layout-id_4ca2dc-b4 > .kt-row-column-wrap{column-gap:var(--global-kb-gap-md, 2rem);row-gap:var(--global-kb-gap-md, 2rem);padding-top:var(--global-kb-spacing-sm, 1.5rem);padding-bottom:var(--global-kb-spacing-sm, 1.5rem);grid-template-columns:minmax(0, 1fr);}.kb-row-layout-id_4ca2dc-b4 > .kt-row-layout-overlay{opacity:0.30;}@media all and (max-width: 1024px){.kb-row-layout-id_4ca2dc-b4 > .kt-row-column-wrap{grid-template-columns:minmax(0, 1fr);}}@media all and (max-width: 767px){.kb-row-layout-id_4ca2dc-b4 > .kt-row-column-wrap{grid-template-columns:minmax(0, 1fr);}}<\/style><div class=\"kb-row-layout-wrap kb-row-layout-id_4ca2dc-b4 alignnone wp-block-kadence-rowlayout\"><div class=\"kt-row-column-wrap kt-has-1-columns kt-row-layout-equal kt-tab-layout-inherit kt-mobile-layout-row kt-row-valign-top\">\n<style>.kadence-column_7aa0eb-ed > .kt-inside-inner-col,.kadence-column_7aa0eb-ed > .kt-inside-inner-col:before{border-top-left-radius:0px;border-top-right-radius:0px;border-bottom-right-radius:0px;border-bottom-left-radius:0px;}.kadence-column_7aa0eb-ed > .kt-inside-inner-col{column-gap:var(--global-kb-gap-sm, 1rem);}.kadence-column_7aa0eb-ed > .kt-inside-inner-col{flex-direction:column;}.kadence-column_7aa0eb-ed > .kt-inside-inner-col > .aligncenter{width:100%;}.kadence-column_7aa0eb-ed > .kt-inside-inner-col:before{opacity:0.3;}.kadence-column_7aa0eb-ed{position:relative;}@media all and (max-width: 1024px){.kadence-column_7aa0eb-ed > .kt-inside-inner-col{flex-direction:column;justify-content:center;}}@media all and (max-width: 767px){.kadence-column_7aa0eb-ed > .kt-inside-inner-col{flex-direction:column;justify-content:center;}}<\/style>\n<div class=\"wp-block-kadence-column kadence-column_7aa0eb-ed\"><div class=\"kt-inside-inner-col\">\n<p>Home Serra Textil s&#039;ha comprom\u00e8s a fer accessible el vostre lloc web, de conformitat amb el Reial Decret 1112\/2018, de 7 de setembre, sobre accessibilitat dels llocs web i aplicacions per a dispositius m\u00f2bils del sector p\u00fablic.<\/p>\n\n\n\n<p>Aquesta declaraci\u00f3 d&#039;accessibilitat s&#039;aplica a aquest web.<\/p>\n\n\n\n<h2 class=\"wp-block-heading\">Situaci\u00f3 de compliment<\/h2>\n\n\n\n<p>Aquest lloc web est\u00e0 desenvolupat segons el RD 1112\/2018<\/p>\n\n\n\n<h2 class=\"wp-block-heading\">Preparaci\u00f3 per a la seg\u00fcent declaraci\u00f3 d&#039;accessibilitat<\/h2>\n\n\n\n<p>Aquesta declaraci\u00f3 va ser preparada el 20 de maig del 2023.<\/p>\n\n\n\n<p>El m\u00e8tode emprat per preparar la declaraci\u00f3 ha estat una autoavaluaci\u00f3.<\/p>\n\n\n\n<h2 class=\"wp-block-heading\">Observacions i dades de contacte<\/h2>\n\n\n\n<p>Podeu realitzar comunicacions sobre requisits d&#039;accessibilitat (article 10.2.a del RD 1112\/2018) com:<\/p>\n\n\n\n<ul class=\"wp-block-list\">\n<li>Informar sobre qualsevol possible incompliment per part d&#039;aquest lloc web<\/li>\n\n\n\n<li>Transmetre altres dificultats d&#039;acc\u00e9s al contingut<\/li>\n\n\n\n<li>Formular qualsevol altra consulta o suggeriment de millora relativa a l&#039;accessibilitat del lloc web a trav\u00e9s del\u00a0<a href=\"https:\/\/serracortinas.com\/ca\/contacto\/\" data-type=\"page\" data-id=\"627\">formulari de contacte<\/a>\u00a0d&#039;aquest lloc web oa trav\u00e9s del n\u00famero de tel\u00e8fon (+34) 937 835 066 Ext. 1.<\/li>\n<\/ul>\n\n\n\n<p>Podeu presentar:<\/p>\n\n\n\n<ul class=\"wp-block-list\">\n<li>Queixa relativa al compliment dels requisits del RD 1112\/2018<\/li>\n\n\n\n<li>Sol\u00b7licitud d&#039;informaci\u00f3 accessible relativa a:\n<ul class=\"wp-block-list\">\n<li>Continguts que estan exclosos de l\u00e0mbit daplicaci\u00f3 del RD 1112\/2018 segons el que estableix larticle 3, apartat 4<\/li>\n\n\n\n<li>Continguts que estan exempts del compliment dels requisits d&#039;accessibilitat per imposar una c\u00e0rrega desproporcionada<\/li>\n\n\n\n<li>A la Sol\u00b7licitud d&#039;informaci\u00f3 accessible, cal concretar, amb tota claredat, els fets, les raons i la petici\u00f3 que permetin constatar que es tracta d&#039;una sol\u00b7licitud raonable i leg\u00edtima.<\/li>\n<\/ul>\n<\/li>\n<\/ul>\n\n\n\n<p>Les queixes i reclamacions sobre informaci\u00f3 accessible es realitzaran a trav\u00e9s de la seu electr\u00f2nica (<a href=\"https:\/\/sede.red.gob.es\/procedimientos\/quejas-y-sugerencias\" target=\"_blank\" rel=\"noreferrer noopener\">https:\/\/sede.red.gob.es\/procedimientos\/quejas-y-sugerencias<\/a>), i seran rebudes i tractades per l&#039;\u00e0rea de Sistemes de la Informaci\u00f3 de Red.es.<\/p>\n\n\n\n<h2 class=\"wp-block-heading\">Contingut opcional<\/h2>\n\n\n\n<ul class=\"wp-block-list\">\n<li>Si voleu canviar la mida de lletra del text als principals navegadors gr\u00e0fics utilitzeu els men\u00fas seg\u00fcents:<\/li>\n\n\n\n<li>Safari: Veure &gt; Fer el text m\u00e9s gran<\/li>\n\n\n\n<li>Chrome: Controla la p\u00e0gina actual &gt; Mida del text<\/li>\n<\/ul>\n\n\n\n<p>Per modificar la mida de tot a la p\u00e0gina:<\/p>\n\n\n\n<ul class=\"wp-block-list\">\n<li>Ctrl++ per augmentar-ho<\/li>\n\n\n\n<li>Ctrl + \u2013 per disminuir-ho<\/li>\n\n\n\n<li>Ctrl + 0 restaura la mida original del text<\/li>\n\n\n\n<li>Si el que voleu \u00e9s anul\u00b7lar el full d&#039;estils o modificar el color del text, podeu consultar la p\u00e0gina How to Change Text Size o Colors de la WAI, que es pot llegir tradu\u00eft a l&#039;espanyol a Com canviar la mida del text o colors?<\/li>\n<\/ul>\n<\/div><\/div>\n\n<\/div><\/div>","protected":false},"excerpt":{"rendered":"<p>Home Serra Textil se ha comprometido a hacer accesible su sitio web, de conformidad con el Real Decreto 1112\/2018, de 7 de septiembre, sobre accesibilidad de los sitios web y aplicaciones para dispositivos m\u00f3viles del sector p\u00fablico. Esta declaraci\u00f3n de accesibilidad se aplica a esta web. Situaci\u00f3n de cumplimiento Este sitio web est\u00e1 desarrollado de&#8230;<\/p>","protected":false},"author":1,"featured_media":0,"parent":0,"menu_order":41,"comment_status":"closed","ping_status":"closed","template":"","meta":{"_kad_blocks_custom_css":"","_kad_blocks_head_custom_js":"","_kad_blocks_body_custom_js":"","_kad_blocks_footer_custom_js":"","_kad_post_transparent":"disable","_kad_post_title":"show","_kad_post_layout":"narrow","_kad_post_sidebar_id":"","_kad_post_content_style":"","_kad_post_vertical_padding":"","_kad_post_feature":"","_kad_post_feature_position":"","_kad_post_header":false,"_kad_post_footer":false,"_kad_post_classname":"","footnotes":""},"class_list":["post-783","page","type-page","status-publish","hentry"],"yoast_head":"<!-- This site is optimized with the Yoast SEO plugin v26.7 - https:\/\/yoast.com\/wordpress\/plugins\/seo\/ -->\n<title>Declaraci\u00f3n de accesibilidad - Aut\u00e8ntics Magatzems Serra<\/title>\n<meta name=\"robots\" content=\"index, follow, max-snippet:-1, max-image-preview:large, max-video-preview:-1\" \/>\n<link rel=\"canonical\" href=\"https:\/\/serracortinas.com\/ca\/declaracion-de-accesibilidad\/\" \/>\n<meta property=\"og:locale\" content=\"ca_ES\" \/>\n<meta property=\"og:type\" content=\"article\" \/>\n<meta property=\"og:title\" content=\"Declaraci\u00f3n de accesibilidad - Aut\u00e8ntics Magatzems Serra\" \/>\n<meta property=\"og:description\" content=\"Home Serra Textil se ha comprometido a hacer accesible su sitio web, de conformidad con el Real Decreto 1112\/2018, de 7 de septiembre, sobre accesibilidad de los sitios web y aplicaciones para dispositivos m\u00f3viles del sector p\u00fablico. Esta declaraci\u00f3n de accesibilidad se aplica a esta web. Situaci\u00f3n de cumplimiento Este sitio web est\u00e1 desarrollado de...\" \/>\n<meta property=\"og:url\" content=\"https:\/\/serracortinas.com\/ca\/declaracion-de-accesibilidad\/\" \/>\n<meta property=\"og:site_name\" content=\"Aut\u00e8ntics Magatzems Serra\" \/>\n<meta property=\"article:modified_time\" content=\"2023-06-19T10:24:31+00:00\" \/>\n<meta name=\"twitter:card\" content=\"summary_large_image\" \/>\n<meta name=\"twitter:label1\" content=\"Temps estimat de lectura\" \/>\n\t<meta name=\"twitter:data1\" content=\"2 minuts\" \/>\n<script type=\"application\/ld+json\" class=\"yoast-schema-graph\">{\"@context\":\"https:\/\/schema.org\",\"@graph\":[{\"@type\":\"WebPage\",\"@id\":\"https:\/\/serracortinas.com\/declaracion-de-accesibilidad\/\",\"url\":\"https:\/\/serracortinas.com\/declaracion-de-accesibilidad\/\",\"name\":\"Declaraci\u00f3n de accesibilidad - Aut\u00e8ntics Magatzems Serra\",\"isPartOf\":{\"@id\":\"https:\/\/serracortinas.com\/#website\"},\"datePublished\":\"2023-06-07T15:55:40+00:00\",\"dateModified\":\"2023-06-19T10:24:31+00:00\",\"breadcrumb\":{\"@id\":\"https:\/\/serracortinas.com\/declaracion-de-accesibilidad\/#breadcrumb\"},\"inLanguage\":\"ca\",\"potentialAction\":[{\"@type\":\"ReadAction\",\"target\":[\"https:\/\/serracortinas.com\/declaracion-de-accesibilidad\/\"]}]},{\"@type\":\"BreadcrumbList\",\"@id\":\"https:\/\/serracortinas.com\/declaracion-de-accesibilidad\/#breadcrumb\",\"itemListElement\":[{\"@type\":\"ListItem\",\"position\":1,\"name\":\"Portada\",\"item\":\"https:\/\/serracortinas.com\/\"},{\"@type\":\"ListItem\",\"position\":2,\"name\":\"Declaraci\u00f3n de accesibilidad\"}]},{\"@type\":\"WebSite\",\"@id\":\"https:\/\/serracortinas.com\/#website\",\"url\":\"https:\/\/serracortinas.com\/\",\"name\":\"Aut\u00e8ntics Magatzems Serra\",\"description\":\"Cortinas t\u00e9cnicas, funcionalidad y dise\u00f1o\",\"publisher\":{\"@id\":\"https:\/\/serracortinas.com\/#organization\"},\"potentialAction\":[{\"@type\":\"SearchAction\",\"target\":{\"@type\":\"EntryPoint\",\"urlTemplate\":\"https:\/\/serracortinas.com\/?s={search_term_string}\"},\"query-input\":{\"@type\":\"PropertyValueSpecification\",\"valueRequired\":true,\"valueName\":\"search_term_string\"}}],\"inLanguage\":\"ca\"},{\"@type\":\"Organization\",\"@id\":\"https:\/\/serracortinas.com\/#organization\",\"name\":\"Aut\u00e8ntics Magatzems Serra\",\"url\":\"https:\/\/serracortinas.com\/\",\"logo\":{\"@type\":\"ImageObject\",\"inLanguage\":\"ca\",\"@id\":\"https:\/\/serracortinas.com\/#\/schema\/logo\/image\/\",\"url\":\"https:\/\/serracortinas.com\/wp-content\/uploads\/2023\/10\/logo.png\",\"contentUrl\":\"https:\/\/serracortinas.com\/wp-content\/uploads\/2023\/10\/logo.png\",\"width\":2048,\"height\":753,\"caption\":\"Aut\u00e8ntics Magatzems Serra\"},\"image\":{\"@id\":\"https:\/\/serracortinas.com\/#\/schema\/logo\/image\/\"}}]}<\/script>\n<!-- \/ Yoast SEO plugin. -->","yoast_head_json":{"title":"Declaraci\u00f3n de accesibilidad - Aut\u00e8ntics Magatzems Serra","robots":{"index":"index","follow":"follow","max-snippet":"max-snippet:-1","max-image-preview":"max-image-preview:large","max-video-preview":"max-video-preview:-1"},"canonical":"https:\/\/serracortinas.com\/ca\/declaracion-de-accesibilidad\/","og_locale":"ca_ES","og_type":"article","og_title":"Declaraci\u00f3n de accesibilidad - Aut\u00e8ntics Magatzems Serra","og_description":"Home Serra Textil se ha comprometido a hacer accesible su sitio web, de conformidad con el Real Decreto 1112\/2018, de 7 de septiembre, sobre accesibilidad de los sitios web y aplicaciones para dispositivos m\u00f3viles del sector p\u00fablico. Esta declaraci\u00f3n de accesibilidad se aplica a esta web. Situaci\u00f3n de cumplimiento Este sitio web est\u00e1 desarrollado de...","og_url":"https:\/\/serracortinas.com\/ca\/declaracion-de-accesibilidad\/","og_site_name":"Aut\u00e8ntics Magatzems Serra","article_modified_time":"2023-06-19T10:24:31+00:00","twitter_card":"summary_large_image","twitter_misc":{"Temps estimat de lectura":"2 minuts"},"schema":{"@context":"https:\/\/schema.org","@graph":[{"@type":"WebPage","@id":"https:\/\/serracortinas.com\/declaracion-de-accesibilidad\/","url":"https:\/\/serracortinas.com\/declaracion-de-accesibilidad\/","name":"Declaraci\u00f3n de accesibilidad - Aut\u00e8ntics Magatzems Serra","isPartOf":{"@id":"https:\/\/serracortinas.com\/#website"},"datePublished":"2023-06-07T15:55:40+00:00","dateModified":"2023-06-19T10:24:31+00:00","breadcrumb":{"@id":"https:\/\/serracortinas.com\/declaracion-de-accesibilidad\/#breadcrumb"},"inLanguage":"ca","potentialAction":[{"@type":"ReadAction","target":["https:\/\/serracortinas.com\/declaracion-de-accesibilidad\/"]}]},{"@type":"BreadcrumbList","@id":"https:\/\/serracortinas.com\/declaracion-de-accesibilidad\/#breadcrumb","itemListElement":[{"@type":"ListItem","position":1,"name":"Portada","item":"https:\/\/serracortinas.com\/"},{"@type":"ListItem","position":2,"name":"Declaraci\u00f3n de accesibilidad"}]},{"@type":"WebSite","@id":"https:\/\/serracortinas.com\/#website","url":"https:\/\/serracortinas.com\/","name":"Aut\u00e8ntics Magatzems Serra","description":"Cortines t\u00e8cniques, funcionalitat i disseny","publisher":{"@id":"https:\/\/serracortinas.com\/#organization"},"potentialAction":[{"@type":"SearchAction","target":{"@type":"EntryPoint","urlTemplate":"https:\/\/serracortinas.com\/?s={search_term_string}"},"query-input":{"@type":"PropertyValueSpecification","valueRequired":true,"valueName":"search_term_string"}}],"inLanguage":"ca"},{"@type":"Organization","@id":"https:\/\/serracortinas.com\/#organization","name":"Aut\u00e8ntics Magatzems Serra","url":"https:\/\/serracortinas.com\/","logo":{"@type":"ImageObject","inLanguage":"ca","@id":"https:\/\/serracortinas.com\/#\/schema\/logo\/image\/","url":"https:\/\/serracortinas.com\/wp-content\/uploads\/2023\/10\/logo.png","contentUrl":"https:\/\/serracortinas.com\/wp-content\/uploads\/2023\/10\/logo.png","width":2048,"height":753,"caption":"Aut\u00e8ntics Magatzems Serra"},"image":{"@id":"https:\/\/serracortinas.com\/#\/schema\/logo\/image\/"}}]}},"taxonomy_info":[],"featured_image_src_large":false,"author_info":{"display_name":"eloi","author_link":"https:\/\/serracortinas.com\/ca\/author\/eloi\/"},"comment_info":0,"_links":{"self":[{"href":"https:\/\/serracortinas.com\/ca\/wp-json\/wp\/v2\/pages\/783","targetHints":{"allow":["GET"]}}],"collection":[{"href":"https:\/\/serracortinas.com\/ca\/wp-json\/wp\/v2\/pages"}],"about":[{"href":"https:\/\/serracortinas.com\/ca\/wp-json\/wp\/v2\/types\/page"}],"author":[{"embeddable":true,"href":"https:\/\/serracortinas.com\/ca\/wp-json\/wp\/v2\/users\/1"}],"replies":[{"embeddable":true,"href":"https:\/\/serracortinas.com\/ca\/wp-json\/wp\/v2\/comments?post=783"}],"version-history":[{"count":0,"href":"https:\/\/serracortinas.com\/ca\/wp-json\/wp\/v2\/pages\/783\/revisions"}],"wp:attachment":[{"href":"https:\/\/serracortinas.com\/ca\/wp-json\/wp\/v2\/media?parent=783"}],"curies":[{"name":"wp","href":"https:\/\/api.w.org\/{rel}","templated":true}]}}