{"id":782,"date":"2023-06-07T15:56:23","date_gmt":"2023-06-07T15:56:23","guid":{"rendered":"https:\/\/serracortinas.com\/?page_id=782"},"modified":"2023-07-11T07:26:22","modified_gmt":"2023-07-11T07:26:22","slug":"politica-de-privacidad","status":"publish","type":"page","link":"https:\/\/serracortinas.com\/ca\/politica-de-privacidad\/","title":{"rendered":"Pol\u00edtica de privadesa"},"content":{"rendered":"<style>.kb-row-layout-id_03323b-b9 > .kt-row-column-wrap{align-content:start;}:where(.kb-row-layout-id_03323b-b9 > .kt-row-column-wrap) > .wp-block-kadence-column{justify-content:start;}.kb-row-layout-id_03323b-b9 > .kt-row-column-wrap{column-gap:var(--global-kb-gap-md, 2rem);row-gap:var(--global-kb-gap-md, 2rem);padding-top:var(--global-kb-spacing-sm, 1.5rem);padding-bottom:var(--global-kb-spacing-sm, 1.5rem);grid-template-columns:minmax(0, 1fr);}.kb-row-layout-id_03323b-b9 > .kt-row-layout-overlay{opacity:0.30;}@media all and (max-width: 1024px){.kb-row-layout-id_03323b-b9 > .kt-row-column-wrap{grid-template-columns:minmax(0, 1fr);}}@media all and (max-width: 767px){.kb-row-layout-id_03323b-b9 > .kt-row-column-wrap{grid-template-columns:minmax(0, 1fr);}}<\/style><div class=\"kb-row-layout-wrap kb-row-layout-id_03323b-b9 alignnone wp-block-kadence-rowlayout\"><div class=\"kt-row-column-wrap kt-has-1-columns kt-row-layout-equal kt-tab-layout-inherit kt-mobile-layout-row kt-row-valign-top\">\n<style>.kadence-column_fde34a-90 > .kt-inside-inner-col,.kadence-column_fde34a-90 > .kt-inside-inner-col:before{border-top-left-radius:0px;border-top-right-radius:0px;border-bottom-right-radius:0px;border-bottom-left-radius:0px;}.kadence-column_fde34a-90 > .kt-inside-inner-col{column-gap:var(--global-kb-gap-sm, 1rem);}.kadence-column_fde34a-90 > .kt-inside-inner-col{flex-direction:column;}.kadence-column_fde34a-90 > .kt-inside-inner-col > .aligncenter{width:100%;}.kadence-column_fde34a-90 > .kt-inside-inner-col:before{opacity:0.3;}.kadence-column_fde34a-90{position:relative;}@media all and (max-width: 1024px){.kadence-column_fde34a-90 > .kt-inside-inner-col{flex-direction:column;justify-content:center;}}@media all and (max-width: 767px){.kadence-column_fde34a-90 > .kt-inside-inner-col{flex-direction:column;justify-content:center;}}<\/style>\n<div class=\"wp-block-kadence-column kadence-column_fde34a-90\"><div class=\"kt-inside-inner-col\"><style>.wp-block-kadence-advancedheading.kt-adv-heading_3a3a20-f9, .wp-block-kadence-advancedheading.kt-adv-heading_3a3a20-f9[data-kb-block=\"kb-adv-heading_3a3a20-f9\"]{font-style:normal;}.wp-block-kadence-advancedheading.kt-adv-heading_3a3a20-f9 mark.kt-highlight, .wp-block-kadence-advancedheading.kt-adv-heading_3a3a20-f9[data-kb-block=\"kb-adv-heading_3a3a20-f9\"] mark.kt-highlight{font-style:normal;color:#f76a0c;-webkit-box-decoration-break:clone;box-decoration-break:clone;padding-top:0px;padding-right:0px;padding-bottom:0px;padding-left:0px;}<\/style>\n<h2 class=\"kt-adv-heading_3a3a20-f9 wp-block-kadence-advancedheading\" data-kb-block=\"kb-adv-heading_3a3a20-f9\"><strong>1.- Informaci\u00f3 a l&#039;Usuari<\/strong><\/h2>\n\n\n\n<p>El lloc web informa els usuaris del lloc web sobre la seva pol\u00edtica respecte del tractament i protecci\u00f3 de les dades de car\u00e0cter personal dels usuaris i clients que puguin ser demanats per la navegaci\u00f3 a trav\u00e9s del seu lloc web.<\/p>\n\n\n\n<p>El lloc web \u00e9s el Responsable del tractament de les dades personals de l&#039;usuari, per la qual cosa se us facilita la seg\u00fcent informaci\u00f3 referent al tractament de les vostres dades:<\/p>\n\n\n\n<p><strong>Criteris de conservaci\u00f3 de les dades:&nbsp;<\/strong>Les dades personals proporcionades es conservaran fins que no se sol\u00b7liciti la suspensi\u00f3 per part de l&#039;interessat, exercint els seus drets sobre les dades, i en qualsevol cas en compliment de terminis legals de prescripci\u00f3 que li siguin aplicables.<\/p>\n\n\n<style>.wp-block-kadence-advancedheading.kt-adv-heading_ff07ac-85, .wp-block-kadence-advancedheading.kt-adv-heading_ff07ac-85[data-kb-block=\"kb-adv-heading_ff07ac-85\"]{font-style:normal;}.wp-block-kadence-advancedheading.kt-adv-heading_ff07ac-85 mark.kt-highlight, .wp-block-kadence-advancedheading.kt-adv-heading_ff07ac-85[data-kb-block=\"kb-adv-heading_ff07ac-85\"] mark.kt-highlight{font-style:normal;color:#f76a0c;-webkit-box-decoration-break:clone;box-decoration-break:clone;padding-top:0px;padding-right:0px;padding-bottom:0px;padding-left:0px;}<\/style>\n<h3 class=\"kt-adv-heading_ff07ac-85 wp-block-kadence-advancedheading\" data-kb-block=\"kb-adv-heading_ff07ac-85\"><strong>Drets dels interessats:<\/strong><\/h3>\n\n\n\n<ul class=\"wp-block-list\">\n<li>Dret a retirar el consentiment en qualsevol moment.<\/li>\n\n\n\n<li>Dret d&#039;acc\u00e9s, rectificaci\u00f3, supressi\u00f3, portabilitat de les vostres dades ia la limitaci\u00f3 o oposici\u00f3 del vostre tractament, aix\u00ed com no ser objecte de decisions individuals automatitzades.<\/li>\n<\/ul>\n\n\n\n<p>Dades de contacte per exercir els seus drets:<\/p>\n\n\n\n<ul class=\"wp-block-list\">\n<li>Web: serracortinas.com<\/li>\n\n\n\n<li>Nom: HOME SERRA TEXTIL SL<\/li>\n\n\n\n<li>Adre\u00e7a: Avda. del Vall\u00e8s, 71 Terrassa (Barcelona)<\/li>\n\n\n\n<li>CIF\/NIF: B67245639<\/li>\n\n\n\n<li>Tel\u00e8fon: (+34) 937 835 066 Ext. 1<\/li>\n\n\n\n<li>Mail: <a href=\"mailto:comunicacion@homeserra.com\">comunicacion@homeserra.com<\/a><\/li>\n<\/ul>\n\n\n\n<p>S&#039;ha d&#039;identificar degudament i sol\u00b7licitar clarament el dret d&#039;exercir.<\/p>\n\n\n<style>.wp-block-kadence-advancedheading.kt-adv-heading_756426-af, .wp-block-kadence-advancedheading.kt-adv-heading_756426-af[data-kb-block=\"kb-adv-heading_756426-af\"]{font-style:normal;}.wp-block-kadence-advancedheading.kt-adv-heading_756426-af mark.kt-highlight, .wp-block-kadence-advancedheading.kt-adv-heading_756426-af[data-kb-block=\"kb-adv-heading_756426-af\"] mark.kt-highlight{font-style:normal;color:#f76a0c;-webkit-box-decoration-break:clone;box-decoration-break:clone;padding-top:0px;padding-right:0px;padding-bottom:0px;padding-left:0px;}<\/style>\n<h2 class=\"kt-adv-heading_756426-af wp-block-kadence-advancedheading\" data-kb-block=\"kb-adv-heading_756426-af\"><strong>2.- Informaci\u00f3 facilitada per l&#039;usuari<\/strong><\/h2>\n\n\n\n<p>Si sou menors de 18 anys no est\u00e0 perm\u00e8s l&#039;\u00fas de formularis a la nostra web.<\/p>\n\n\n\n<p>Els Usuaris, introduint les seves dades als formularis de contacte o presentats en formularis de desc\u00e0rrega, accepten expressament i de forma lliure i inequ\u00edvoca, que les seves dades s\u00f3n necess\u00e0ries per atendre la seva petici\u00f3, per part del Responsable, sent volunt\u00e0ria la inclusi\u00f3 de dades als camps restants.<\/p>\n\n\n\n<p>L&#039;Usuari garanteix que les dades personals facilitades s\u00f3n veraces i es fa responsable de comunicar-ne qualsevol modificaci\u00f3.<\/p>\n\n\n\n<p>Totes les dades sol\u00b7licitades a trav\u00e9s del lloc web s\u00f3n necess\u00e0ries per prestar un servei \u00f2ptim a l&#039;Usuari. En cas que no siguin facilitades totes les dades, no es garanteix que la informaci\u00f3 i els serveis que El Responsable li faciliti, siguin completament ajustats a les seves necessitats.<\/p>\n\n\n<style>.wp-block-kadence-advancedheading.kt-adv-heading_d00ccc-c5, .wp-block-kadence-advancedheading.kt-adv-heading_d00ccc-c5[data-kb-block=\"kb-adv-heading_d00ccc-c5\"]{font-style:normal;}.wp-block-kadence-advancedheading.kt-adv-heading_d00ccc-c5 mark.kt-highlight, .wp-block-kadence-advancedheading.kt-adv-heading_d00ccc-c5[data-kb-block=\"kb-adv-heading_d00ccc-c5\"] mark.kt-highlight{font-style:normal;color:#f76a0c;-webkit-box-decoration-break:clone;box-decoration-break:clone;padding-top:0px;padding-right:0px;padding-bottom:0px;padding-left:0px;}<\/style>\n<h2 class=\"kt-adv-heading_d00ccc-c5 wp-block-kadence-advancedheading\" data-kb-block=\"kb-adv-heading_d00ccc-c5\"><strong>Mesures de seguretat<\/strong><\/h2>\n\n\n\n<p>Que de conformitat amb el que disposen les normatives vigents en mat\u00e8ria de protecci\u00f3 de dades personals, El Responsable est\u00e0 complint amb totes les disposicions de les normatives RGPD i LOPD per al tractament de les dades personals de la seva responsabilitat, les quals s\u00f3n tractades de manera l\u00edcita , lleial i transparent en relaci\u00f3 amb linteressat i adequats, pertinents i limitats al necessari en relaci\u00f3 amb els fins per als quals s\u00f3n tractats.<\/p>\n\n\n\n<p>El Responsable garanteix que ha implementat pol\u00edtiques t\u00e8cniques i organitzatives apropiades per aplicar les mesures de seguretat que estableixen el RGPD i la LOPD per tal de protegir els drets i les llibertats dels Usuaris i els ha comunicat la informaci\u00f3 adequada perqu\u00e8 puguin exercir-los.<\/p>\n\n\n<style>.wp-block-kadence-advancedheading.kt-adv-heading_ec89e7-01, .wp-block-kadence-advancedheading.kt-adv-heading_ec89e7-01[data-kb-block=\"kb-adv-heading_ec89e7-01\"]{font-style:normal;}.wp-block-kadence-advancedheading.kt-adv-heading_ec89e7-01 mark.kt-highlight, .wp-block-kadence-advancedheading.kt-adv-heading_ec89e7-01[data-kb-block=\"kb-adv-heading_ec89e7-01\"] mark.kt-highlight{font-style:normal;color:#f76a0c;-webkit-box-decoration-break:clone;box-decoration-break:clone;padding-top:0px;padding-right:0px;padding-bottom:0px;padding-left:0px;}<\/style>\n<h2 class=\"kt-adv-heading_ec89e7-01 wp-block-kadence-advancedheading\" data-kb-block=\"kb-adv-heading_ec89e7-01\"><strong>Bretxes de Seguretat<\/strong><\/h2>\n\n\n\n<p>El Responsable informar\u00e0 sobre qualsevol bretxa de seguretat que afecti la base de dades que utilitza aquest lloc web, o que afecti qualsevol dels nostres serveis de tercers, totes i cadascuna de les persones, dades de les quals puguin haver estat afectades, i autoritats, dins de les 72 hores seg\u00fcents a la detecci\u00f3 de la bretxa.<\/p>\n\n\n\n<p><strong>LEGISLACI\u00d3 APLICABLE I JURISDICCI\u00d3<\/strong><\/p>\n\n\n\n<p>Per a la resoluci\u00f3 de totes les controv\u00e8rsies o q\u00fcestions relacionades amb el present lloc web o de les activitats que s&#039;hi desenvolupin, ser\u00e0 aplicable la legislaci\u00f3 espanyola, a la qual se sotmeten expressament les parts, sent competents per a la resoluci\u00f3 de tots els conflictes derivats o relacionats amb l&#039;\u00fas dels Jutjats i Tribunals de Barcelona.<\/p>\n<\/div><\/div>\n\n<\/div><\/div>","protected":false},"excerpt":{"rendered":"<p>1.- Informaci\u00f3n al Usuario El sitio web informa a los usuarios del sitio web sobre su pol\u00edtica respecto del tratamiento y protecci\u00f3n de los datos de car\u00e1cter personal de los usuarios y clientes que puedan ser recabados por la navegaci\u00f3n a trav\u00e9s de su sitio web. El sitio web es el Responsable del tratamiento de&#8230;<\/p>","protected":false},"author":1,"featured_media":0,"parent":0,"menu_order":67,"comment_status":"closed","ping_status":"closed","template":"","meta":{"_kad_blocks_custom_css":"","_kad_blocks_head_custom_js":"","_kad_blocks_body_custom_js":"","_kad_blocks_footer_custom_js":"","_kad_post_transparent":"disable","_kad_post_title":"show","_kad_post_layout":"narrow","_kad_post_sidebar_id":"","_kad_post_content_style":"","_kad_post_vertical_padding":"","_kad_post_feature":"","_kad_post_feature_position":"","_kad_post_header":false,"_kad_post_footer":false,"_kad_post_classname":"","footnotes":""},"class_list":["post-782","page","type-page","status-publish","hentry"],"yoast_head":"<!-- This site is optimized with the Yoast SEO plugin v26.7 - https:\/\/yoast.com\/wordpress\/plugins\/seo\/ -->\n<title>Pol\u00edtica de privacidad - Aut\u00e8ntics Magatzems Serra<\/title>\n<meta name=\"robots\" content=\"index, follow, max-snippet:-1, max-image-preview:large, max-video-preview:-1\" \/>\n<link rel=\"canonical\" href=\"https:\/\/serracortinas.com\/ca\/politica-de-privacidad\/\" \/>\n<meta property=\"og:locale\" content=\"ca_ES\" \/>\n<meta property=\"og:type\" content=\"article\" \/>\n<meta property=\"og:title\" content=\"Pol\u00edtica de privacidad - Aut\u00e8ntics Magatzems Serra\" \/>\n<meta property=\"og:description\" content=\"1.- Informaci\u00f3n al Usuario El sitio web informa a los usuarios del sitio web sobre su pol\u00edtica respecto del tratamiento y protecci\u00f3n de los datos de car\u00e1cter personal de los usuarios y clientes que puedan ser recabados por la navegaci\u00f3n a trav\u00e9s de su sitio web. El sitio web es el Responsable del tratamiento de...\" \/>\n<meta property=\"og:url\" content=\"https:\/\/serracortinas.com\/ca\/politica-de-privacidad\/\" \/>\n<meta property=\"og:site_name\" content=\"Aut\u00e8ntics Magatzems Serra\" \/>\n<meta property=\"article:modified_time\" content=\"2023-07-11T07:26:22+00:00\" \/>\n<meta name=\"twitter:card\" content=\"summary_large_image\" \/>\n<meta name=\"twitter:label1\" content=\"Temps estimat de lectura\" \/>\n\t<meta name=\"twitter:data1\" content=\"3 minuts\" \/>\n<script type=\"application\/ld+json\" class=\"yoast-schema-graph\">{\"@context\":\"https:\/\/schema.org\",\"@graph\":[{\"@type\":\"WebPage\",\"@id\":\"https:\/\/serracortinas.com\/politica-de-privacidad\/\",\"url\":\"https:\/\/serracortinas.com\/politica-de-privacidad\/\",\"name\":\"Pol\u00edtica de privacidad - Aut\u00e8ntics Magatzems Serra\",\"isPartOf\":{\"@id\":\"https:\/\/serracortinas.com\/#website\"},\"datePublished\":\"2023-06-07T15:56:23+00:00\",\"dateModified\":\"2023-07-11T07:26:22+00:00\",\"breadcrumb\":{\"@id\":\"https:\/\/serracortinas.com\/politica-de-privacidad\/#breadcrumb\"},\"inLanguage\":\"ca\",\"potentialAction\":[{\"@type\":\"ReadAction\",\"target\":[\"https:\/\/serracortinas.com\/politica-de-privacidad\/\"]}]},{\"@type\":\"BreadcrumbList\",\"@id\":\"https:\/\/serracortinas.com\/politica-de-privacidad\/#breadcrumb\",\"itemListElement\":[{\"@type\":\"ListItem\",\"position\":1,\"name\":\"Portada\",\"item\":\"https:\/\/serracortinas.com\/\"},{\"@type\":\"ListItem\",\"position\":2,\"name\":\"Pol\u00edtica de privacidad\"}]},{\"@type\":\"WebSite\",\"@id\":\"https:\/\/serracortinas.com\/#website\",\"url\":\"https:\/\/serracortinas.com\/\",\"name\":\"Aut\u00e8ntics Magatzems Serra\",\"description\":\"Cortinas t\u00e9cnicas, funcionalidad y dise\u00f1o\",\"publisher\":{\"@id\":\"https:\/\/serracortinas.com\/#organization\"},\"potentialAction\":[{\"@type\":\"SearchAction\",\"target\":{\"@type\":\"EntryPoint\",\"urlTemplate\":\"https:\/\/serracortinas.com\/?s={search_term_string}\"},\"query-input\":{\"@type\":\"PropertyValueSpecification\",\"valueRequired\":true,\"valueName\":\"search_term_string\"}}],\"inLanguage\":\"ca\"},{\"@type\":\"Organization\",\"@id\":\"https:\/\/serracortinas.com\/#organization\",\"name\":\"Aut\u00e8ntics Magatzems Serra\",\"url\":\"https:\/\/serracortinas.com\/\",\"logo\":{\"@type\":\"ImageObject\",\"inLanguage\":\"ca\",\"@id\":\"https:\/\/serracortinas.com\/#\/schema\/logo\/image\/\",\"url\":\"https:\/\/serracortinas.com\/wp-content\/uploads\/2023\/10\/logo.png\",\"contentUrl\":\"https:\/\/serracortinas.com\/wp-content\/uploads\/2023\/10\/logo.png\",\"width\":2048,\"height\":753,\"caption\":\"Aut\u00e8ntics Magatzems Serra\"},\"image\":{\"@id\":\"https:\/\/serracortinas.com\/#\/schema\/logo\/image\/\"}}]}<\/script>\n<!-- \/ Yoast SEO plugin. -->","yoast_head_json":{"title":"Pol\u00edtica de privacidad - Aut\u00e8ntics Magatzems Serra","robots":{"index":"index","follow":"follow","max-snippet":"max-snippet:-1","max-image-preview":"max-image-preview:large","max-video-preview":"max-video-preview:-1"},"canonical":"https:\/\/serracortinas.com\/ca\/politica-de-privacidad\/","og_locale":"ca_ES","og_type":"article","og_title":"Pol\u00edtica de privacidad - Aut\u00e8ntics Magatzems Serra","og_description":"1.- Informaci\u00f3n al Usuario El sitio web informa a los usuarios del sitio web sobre su pol\u00edtica respecto del tratamiento y protecci\u00f3n de los datos de car\u00e1cter personal de los usuarios y clientes que puedan ser recabados por la navegaci\u00f3n a trav\u00e9s de su sitio web. El sitio web es el Responsable del tratamiento de...","og_url":"https:\/\/serracortinas.com\/ca\/politica-de-privacidad\/","og_site_name":"Aut\u00e8ntics Magatzems Serra","article_modified_time":"2023-07-11T07:26:22+00:00","twitter_card":"summary_large_image","twitter_misc":{"Temps estimat de lectura":"3 minuts"},"schema":{"@context":"https:\/\/schema.org","@graph":[{"@type":"WebPage","@id":"https:\/\/serracortinas.com\/politica-de-privacidad\/","url":"https:\/\/serracortinas.com\/politica-de-privacidad\/","name":"Pol\u00edtica de privacidad - Aut\u00e8ntics Magatzems Serra","isPartOf":{"@id":"https:\/\/serracortinas.com\/#website"},"datePublished":"2023-06-07T15:56:23+00:00","dateModified":"2023-07-11T07:26:22+00:00","breadcrumb":{"@id":"https:\/\/serracortinas.com\/politica-de-privacidad\/#breadcrumb"},"inLanguage":"ca","potentialAction":[{"@type":"ReadAction","target":["https:\/\/serracortinas.com\/politica-de-privacidad\/"]}]},{"@type":"BreadcrumbList","@id":"https:\/\/serracortinas.com\/politica-de-privacidad\/#breadcrumb","itemListElement":[{"@type":"ListItem","position":1,"name":"Portada","item":"https:\/\/serracortinas.com\/"},{"@type":"ListItem","position":2,"name":"Pol\u00edtica de privacidad"}]},{"@type":"WebSite","@id":"https:\/\/serracortinas.com\/#website","url":"https:\/\/serracortinas.com\/","name":"Aut\u00e8ntics Magatzems Serra","description":"Cortines t\u00e8cniques, funcionalitat i disseny","publisher":{"@id":"https:\/\/serracortinas.com\/#organization"},"potentialAction":[{"@type":"SearchAction","target":{"@type":"EntryPoint","urlTemplate":"https:\/\/serracortinas.com\/?s={search_term_string}"},"query-input":{"@type":"PropertyValueSpecification","valueRequired":true,"valueName":"search_term_string"}}],"inLanguage":"ca"},{"@type":"Organization","@id":"https:\/\/serracortinas.com\/#organization","name":"Aut\u00e8ntics Magatzems Serra","url":"https:\/\/serracortinas.com\/","logo":{"@type":"ImageObject","inLanguage":"ca","@id":"https:\/\/serracortinas.com\/#\/schema\/logo\/image\/","url":"https:\/\/serracortinas.com\/wp-content\/uploads\/2023\/10\/logo.png","contentUrl":"https:\/\/serracortinas.com\/wp-content\/uploads\/2023\/10\/logo.png","width":2048,"height":753,"caption":"Aut\u00e8ntics Magatzems Serra"},"image":{"@id":"https:\/\/serracortinas.com\/#\/schema\/logo\/image\/"}}]}},"taxonomy_info":[],"featured_image_src_large":false,"author_info":{"display_name":"eloi","author_link":"https:\/\/serracortinas.com\/ca\/author\/eloi\/"},"comment_info":0,"_links":{"self":[{"href":"https:\/\/serracortinas.com\/ca\/wp-json\/wp\/v2\/pages\/782","targetHints":{"allow":["GET"]}}],"collection":[{"href":"https:\/\/serracortinas.com\/ca\/wp-json\/wp\/v2\/pages"}],"about":[{"href":"https:\/\/serracortinas.com\/ca\/wp-json\/wp\/v2\/types\/page"}],"author":[{"embeddable":true,"href":"https:\/\/serracortinas.com\/ca\/wp-json\/wp\/v2\/users\/1"}],"replies":[{"embeddable":true,"href":"https:\/\/serracortinas.com\/ca\/wp-json\/wp\/v2\/comments?post=782"}],"version-history":[{"count":1,"href":"https:\/\/serracortinas.com\/ca\/wp-json\/wp\/v2\/pages\/782\/revisions"}],"predecessor-version":[{"id":2652,"href":"https:\/\/serracortinas.com\/ca\/wp-json\/wp\/v2\/pages\/782\/revisions\/2652"}],"wp:attachment":[{"href":"https:\/\/serracortinas.com\/ca\/wp-json\/wp\/v2\/media?parent=782"}],"curies":[{"name":"wp","href":"https:\/\/api.w.org\/{rel}","templated":true}]}}