{"id":781,"date":"2023-06-07T15:47:32","date_gmt":"2023-06-07T15:47:32","guid":{"rendered":"https:\/\/serracortinas.com\/?page_id=781"},"modified":"2023-06-19T10:19:49","modified_gmt":"2023-06-19T10:19:49","slug":"politica-de-cookies","status":"publish","type":"page","link":"https:\/\/serracortinas.com\/ca\/politica-de-cookies\/","title":{"rendered":"Pol\u00edtica de Cookies"},"content":{"rendered":"<style>.kb-row-layout-id_4ca2dc-b4 > .kt-row-column-wrap{align-content:start;}:where(.kb-row-layout-id_4ca2dc-b4 > .kt-row-column-wrap) > .wp-block-kadence-column{justify-content:start;}.kb-row-layout-id_4ca2dc-b4 > .kt-row-column-wrap{column-gap:var(--global-kb-gap-md, 2rem);row-gap:var(--global-kb-gap-md, 2rem);padding-top:var(--global-kb-spacing-sm, 1.5rem);padding-bottom:var(--global-kb-spacing-sm, 1.5rem);grid-template-columns:minmax(0, 1fr);}.kb-row-layout-id_4ca2dc-b4 > .kt-row-layout-overlay{opacity:0.30;}@media all and (max-width: 1024px){.kb-row-layout-id_4ca2dc-b4 > .kt-row-column-wrap{grid-template-columns:minmax(0, 1fr);}}@media all and (max-width: 767px){.kb-row-layout-id_4ca2dc-b4 > .kt-row-column-wrap{grid-template-columns:minmax(0, 1fr);}}<\/style><div class=\"kb-row-layout-wrap kb-row-layout-id_4ca2dc-b4 alignnone wp-block-kadence-rowlayout\"><div class=\"kt-row-column-wrap kt-has-1-columns kt-row-layout-equal kt-tab-layout-inherit kt-mobile-layout-row kt-row-valign-top\">\n<style>.kadence-column_7aa0eb-ed > .kt-inside-inner-col,.kadence-column_7aa0eb-ed > .kt-inside-inner-col:before{border-top-left-radius:0px;border-top-right-radius:0px;border-bottom-right-radius:0px;border-bottom-left-radius:0px;}.kadence-column_7aa0eb-ed > .kt-inside-inner-col{column-gap:var(--global-kb-gap-sm, 1rem);}.kadence-column_7aa0eb-ed > .kt-inside-inner-col{flex-direction:column;}.kadence-column_7aa0eb-ed > .kt-inside-inner-col > .aligncenter{width:100%;}.kadence-column_7aa0eb-ed > .kt-inside-inner-col:before{opacity:0.3;}.kadence-column_7aa0eb-ed{position:relative;}@media all and (max-width: 1024px){.kadence-column_7aa0eb-ed > .kt-inside-inner-col{flex-direction:column;justify-content:center;}}@media all and (max-width: 767px){.kadence-column_7aa0eb-ed > .kt-inside-inner-col{flex-direction:column;justify-content:center;}}<\/style>\n<div class=\"wp-block-kadence-column kadence-column_7aa0eb-ed\"><div class=\"kt-inside-inner-col\">\n<h2 class=\"wp-block-heading\">Apartat 1<\/h2>\n\n\n\n<p>Una&nbsp;<em>galeta<\/em>&nbsp;\u00e9s un petit fitxer de text que s&#039;emmagatzema al vostre navegador quan visita gaireb\u00e9 qualsevol p\u00e0gina web. La seva utilitat \u00e9s que la web sigui capa\u00e7 de recordar la vostra visita quan torneu a navegar per aquesta p\u00e0gina. Les&nbsp;<em>cookies<\/em>&nbsp;solen emmagatzemar informaci\u00f3 de car\u00e0cter t\u00e8cnic, prefer\u00e8ncies personals, personalitzaci\u00f3 de continguts, estad\u00edstiques d\u00fas, enlla\u00e7os a xarxes socials, acc\u00e9s a comptes dusuari, etc. L&#039;objectiu de la&nbsp;<em>galeta<\/em>&nbsp;\u00e9s adaptar el contingut de la web al seu perfil i necessitats, sense&nbsp;<em>cookies<\/em>&nbsp;els serveis oferts per qualsevol p\u00e0gina es veurien minvats notablement. Si voleu consultar m\u00e9s informaci\u00f3 sobre qu\u00e8 s\u00f3n les&nbsp;<em>cookies<\/em>, qu\u00e8 emmagatzemen, com eliminar-les, desactivar-les, etc.,&nbsp;<strong><u>us preguem es dirigeixi a aquest enlla\u00e7.<\/u>&nbsp;<\/strong>(apartat 2)<\/p>\n\n\n\n<p><strong>Cookies utilitzades en aquest lloc web<\/strong><\/p>\n\n\n\n<p>Seguint les directrius de l&#039;Ag\u00e8ncia Espanyola de Protecci\u00f3 de Dades procedim a detallar l&#039;\u00fas de&nbsp;<em>cookies<\/em>&nbsp;que fa aquesta web per tal d&#039;informar-vos amb la m\u00e0xima exactitud possible.<\/p>\n\n\n\n<p>Aquest lloc web utilitza les seg\u00fcents&nbsp;<strong>cookies pr\u00f2pies<\/strong>:<\/p>\n\n\n\n<p>Cookies de sessi\u00f3, per garantir que els usuaris que escriguin comentaris al bloc siguin humans i no aplicacions automatitzades. D&#039;aquesta manera es combat el&nbsp;<em>spam<\/em>.<\/p>\n\n\n\n<p>Aquest lloc web utilitza les seg\u00fcents&nbsp;<strong>cookies de tercers<\/strong>:<\/p>\n\n\n\n<p>Google Analytics: Magatzem&nbsp;<em>cookies<\/em>&nbsp;per poder elaborar estad\u00edstiques sobre el tr\u00e0nsit i el volum de visites d&#039;aquesta web. En utilitzar aquest lloc web est\u00e0 consentint el tractament dinformaci\u00f3 sobre vost\u00e8 per Google. Per tant, l&#039;exercici de qualsevol dret en aquest sentit ho haur\u00e0 de fer comunicant directament amb Google.<\/p>\n\n\n\n<p>Xarxes socials: Cada xarxa social utilitza les seves pr\u00f2pies&nbsp;<em>cookies<\/em>&nbsp;perqu\u00e8 pugueu punxar en botons del tipus&nbsp;<em>M&#039;agrada<\/em>&nbsp;o&nbsp;<em>Compartir<\/em>.<\/p>\n\n\n\n<ul class=\"wp-block-list\">\n<li>YouTube<\/li>\n\n\n\n<li>Twitter<\/li>\n\n\n\n<li>Facebook<\/li>\n<\/ul>\n\n\n\n<p>Aix\u00ed mateix \u00e9s possible que en visitar alguna p\u00e0gina web o en obrir algun email on es publiqui algun anunci o alguna promoci\u00f3 sobre els nostres serveis o productes, s&#039;instal\u00b7li al navegador alguna galeta que ens serveix per mostrar posteriorment publicitat relacionada amb la cerca que hagi realitzat, desenvolupar un control dels nostres anuncis en relaci\u00f3, per exemple, amb el nombre de vegades que s\u00f3n vists, on apareixen, a quina hora es veuen, etc\u2026<\/p>\n\n\n\n<p><strong>Desactivaci\u00f3 o eliminaci\u00f3 de cookies<\/strong><\/p>\n\n\n\n<p>En qualsevol moment podreu exercir el vostre dret de desactivaci\u00f3 o eliminaci\u00f3 de cookies d&#039;aquest lloc web. Aquestes accions es realitzen de manera diferent en funci\u00f3 del navegador que utilitzeu.&nbsp;<strong><u>Aqu\u00ed us deixem una guia r\u00e0pida per als navegadors m\u00e9s populars.<\/u><\/strong>&nbsp;(apartat 3)<\/p>\n\n\n\n<p><strong>Notes addicionals<\/strong><\/p>\n\n\n\n<p>Ni aquesta web ni els seus representants legals es fan responsables ni del contingut ni de la veracitat de les pol\u00edtiques de privadesa que puguin tenir els tercers esmentats en aquesta pol\u00edtica de&nbsp;<em>cookies<\/em>.<\/p>\n\n\n\n<p>Els navegadors web s\u00f3n les eines encarregades d&#039;emmagatzemar les&nbsp;<em>cookies<\/em>&nbsp;i des d&#039;aquest lloc ha d&#039;efectuar el dret a eliminar-lo o desactivar-lo. Ni aquesta web ni els seus representants legals poden garantir la correcta o incorrecta manipulaci\u00f3 de les&nbsp;<em>cookies<\/em>&nbsp;per part dels esmentats navegadors.<\/p>\n\n\n\n<p>En alguns casos cal instal\u00b7lar&nbsp;<em>cookies<\/em>&nbsp;perqu\u00e8 el navegador no oblidi la seva decisi\u00f3 de no acceptar-les.<\/p>\n\n\n\n<p>En el cas de les&nbsp;<em>cookies<\/em>&nbsp;de Google Analytics, aquesta empresa emmagatzema les&nbsp;<em>cookies<\/em>&nbsp;a servidors ubicats als Estats Units i es compromet a no compartir-la amb tercers, excepte en els casos en qu\u00e8 sigui necessari per al funcionament del sistema o quan la llei obligui a aquest efecte. Google Inc. \u00e9s una companyia que compleix el&nbsp;<a href=\"https:\/\/www.privacyshield.gov\/list\">Escut de la privadesa<\/a>, que garanteix que totes les dades transferides seran tractades amb un nivell de protecci\u00f3 d&#039;acord amb la normativa europea. Podeu consultar informaci\u00f3 detallada a aquest respecte a&nbsp;<a href=\"https:\/\/www.privacyshield.gov\/welcome\"><strong><u>aquest enlla\u00e7<\/u><\/strong><\/a>&nbsp;<strong>(1)<\/strong>. Si voleu informaci\u00f3 sobre l&#039;\u00fas que Google Analytics d\u00f3na a les galetes&nbsp;<a href=\"https:\/\/developers.google.com\/analytics\/devguides\/collection\/analyticsjs\/cookie-usage?hl=es&amp;csw=1\">us adjuntem&nbsp;<strong><u>aquest altre enlla\u00e7<\/u><\/strong><\/a>&nbsp;<strong>(2)<\/strong><\/p>\n\n\n\n<p>Per a qualsevol dubte o consulta sobre aquesta pol\u00edtica de&nbsp;<em>cookies<\/em>&nbsp;no dubteu a comunicar-vos amb nosaltres a trav\u00e9s de la secci\u00f3 de contacte.<\/p>\n\n\n\n<h2 class=\"wp-block-heading\">Apartat 2<\/h2>\n\n\n\n<p><strong>M\u00e9s informaci\u00f3 sobre les cookies<\/strong><\/p>\n\n\n\n<p><strong>Qu\u00e8 \u00e9s una galeta?<\/strong><\/p>\n\n\n\n<p>Una&nbsp;<em>galeta<\/em>&nbsp;\u00e9s un fitxer de text inofensiu que s&#039;emmagatzema al vostre navegador quan visita gaireb\u00e9 qualsevol p\u00e0gina web. La utilitat de la&nbsp;<em>galeta<\/em>\u00e9s que la web sigui capa\u00e7 de recordar la vostra visita quan torneu a navegar per aquesta p\u00e0gina. Encara que molta gent no ho sap les&nbsp;<em>cookies<\/em>&nbsp;es porten utilitzant des de fa 20 anys, quan van apar\u00e8ixer els primers navegadors per a la World Wide Web.<\/p>\n\n\n\n<p><strong>Qu\u00e8 NO \u00c9S una galeta?<\/strong><\/p>\n\n\n\n<p>No \u00e9s un virus, ni un troi\u00e0, ni un cuc, ni spam, ni spyware, ni obre finestres pop-up.<\/p>\n\n\n\n<p><strong>Quina informaci\u00f3 emmagatzema una&nbsp;<em>galeta<\/em>?<\/strong><\/p>\n\n\n\n<p>Les&nbsp;<em>cookies<\/em>&nbsp;no solen emmagatzemar informaci\u00f3 sensible sobre vost\u00e8, com ara targetes de cr\u00e8dit o dades banc\u00e0ries, fotografies, el seu DNI o informaci\u00f3 personal, etc. Les dades que guarden s\u00f3n de car\u00e0cter t\u00e8cnic, prefer\u00e8ncies personals, personalitzaci\u00f3 de continguts, etc.<\/p>\n\n\n\n<p>El servidor web no us associa a vost\u00e8 com a persona sin\u00f3 al vostre navegador web. De fet, si vost\u00e8 navega habitualment amb Internet Explorer i prova a navegar per la mateixa web amb Firefox o Chrome veur\u00e0 que la web no s&#039;adona que vost\u00e8 \u00e9s la mateixa persona perqu\u00e8 en realitat est\u00e0 associant al navegador, no a la persona.<\/p>\n\n\n\n<p><strong>Quin tipus de&nbsp;<em>cookies<\/em>&nbsp;existeixen?<\/strong><\/p>\n\n\n\n<p><em>Cookies<\/em>&nbsp;t\u00e8cniques: S\u00f3n les m\u00e9s elementals i permeten, entre altres coses, saber quan est\u00e0 navegant un hum\u00e0 o una aplicaci\u00f3 automatitzada, quan navega un usuari an\u00f2nim i un de registrat, tasques b\u00e0siques per al funcionament de qualsevol web din\u00e0mica.<\/p>\n\n\n\n<p><em>Cookies<\/em>&nbsp;d&#039;an\u00e0lisi: recullen informaci\u00f3 sobre el tipus de navegaci\u00f3 que esteu realitzant, les seccions que m\u00e9s utilitzeu, productes consultats, franja hor\u00e0ria d&#039;\u00fas, idioma, etc.<\/p>\n\n\n\n<p><em>Cookies<\/em>&nbsp;publicit\u00e0ries: Mostren publicitat en funci\u00f3 de la navegaci\u00f3, el pa\u00eds de proced\u00e8ncia, l&#039;idioma, etc.<\/p>\n\n\n\n<p><strong>Qu\u00e8 s\u00f3n les&nbsp;<em>cookies<\/em>&nbsp;pr\u00f2pies i les de tercers?<\/strong><\/p>\n\n\n\n<p>Les&nbsp;<em>cookies pr\u00f2pies<\/em>&nbsp;s\u00f3n generades per la p\u00e0gina que est\u00e0 visitant i les&nbsp;<em>de tercers<\/em>&nbsp;s\u00f3n les generades per serveis o prove\u00efdors externs com Facebook, Twitter, Google, etc.<\/p>\n\n\n\n<p><strong>Qu\u00e8 passa si desactiu les&nbsp;<em>cookies<\/em>?<\/strong><\/p>\n\n\n\n<p>Perqu\u00e8 entengui l&#039;abast que pot tenir desactivar les&nbsp;<em>cookies<\/em>&nbsp;us mostrem uns exemples:<\/p>\n\n\n\n<p>No podreu compartir continguts d&#039;aquesta web a Facebook, Twitter o qualsevol altra xarxa social.<\/p>\n\n\n\n<p>El lloc web no podr\u00e0 adaptar els continguts a les seves prefer\u00e8ncies personals, com sol passar a les botigues en l\u00ednia.<\/p>\n\n\n\n<p>No podreu accedir a l&#039;\u00e0rea personal d&#039;aquesta web, com per exemple&nbsp;<em>El meu compte<\/em>, o&nbsp;<em>El meu perfil<\/em>&nbsp;o&nbsp;<em>Les meves comandes<\/em>.<\/p>\n\n\n\n<p>Botigues online: Li ser\u00e0 impossible realitzar compres online, hauran de ser telef\u00f2niques o visitant la botiga f\u00edsica si \u00e9s que en disposa.<\/p>\n\n\n\n<p>No ser\u00e0 possible personalitzar les vostres prefer\u00e8ncies geogr\u00e0fiques com ara franja hor\u00e0ria, divisa o idioma.<\/p>\n\n\n\n<p>El lloc web no podr\u00e0 realitzar anal\u00edtiques web sobre visitants i tr\u00e0nsit a la web, cosa que dificultar\u00e0 que la web sigui competitiva.<\/p>\n\n\n\n<p>No podr\u00e0 escriure al bloc, no podr\u00e0 pujar fotos, publicar comentaris, valorar o puntuar continguts. La web tampoc podr\u00e0 saber si sou un hum\u00e0 o una aplicaci\u00f3 automatitzada que publica&nbsp;<em>spam<\/em>.<\/p>\n\n\n\n<p>No es podr\u00e0 mostrar publicitat sectoritzada, cosa que reduir\u00e0 els ingressos publicitaris de la web.<\/p>\n\n\n\n<p>Totes les xarxes socials usen&nbsp;<em>cookies<\/em>, si les desactiva no podreu utilitzar cap xarxa social.<\/p>\n\n\n\n<p><strong>Es poden eliminar les&nbsp;<em>cookies<\/em>?<\/strong><\/p>\n\n\n\n<p>S\u00ed. No nom\u00e9s eliminar, tamb\u00e9 bloquejar, de manera general o particular per a un domini espec\u00edfic.<\/p>\n\n\n\n<p>Per eliminar les&nbsp;<em>cookies<\/em>&nbsp;d&#039;un lloc web ha d&#039;anar a la configuraci\u00f3 del vostre navegador i all\u00e0 podreu cercar les associades al domini en q\u00fcesti\u00f3 i procedir a la seva eliminaci\u00f3.<\/p>\n\n\n\n<h2 class=\"wp-block-heading\">Apartat 3<\/h2>\n\n\n\n<p><strong>Configuraci\u00f3 de cookies per als navegadors m\u00e9s populars<\/strong><\/p>\n\n\n\n<p>A continuaci\u00f3 us indiquem com accedir a una&nbsp;<em>galeta<\/em>&nbsp;determinada del navegador&nbsp;<strong>Chrome<\/strong>. Nota: aquests passos poden variar en funci\u00f3 de la versi\u00f3 del navegador:<\/p>\n\n\n\n<ul class=\"wp-block-list\">\n<li>Aneu a Configuraci\u00f3 o Prefer\u00e8ncies mitjan\u00e7ant el men\u00fa Fitxer o b\u00e9 clicant la icona de personalitzaci\u00f3 que apareix a dalt a la dreta.<\/li>\n\n\n\n<li>Veureu diferents seccions, punxeu l&#039;opci\u00f3&nbsp;<em>Mostrar opcions avan\u00e7ades<\/em>.<\/li>\n\n\n\n<li>Aneu a&nbsp;<em>Privadesa<\/em>,&nbsp;<em>Configuraci\u00f3 de contingut<\/em>.<\/li>\n\n\n\n<li>Seleccioneu&nbsp;<em>Totes les galetes i les dades de llocs<\/em>.<\/li>\n<\/ul>\n\n\n\n<p>Apareixer\u00e0 un llistat amb totes les&nbsp;<em>cookies<\/em>&nbsp;ordenades per domini. Perqu\u00e8 us sigui m\u00e9s f\u00e0cil trobar les&nbsp;<em>cookies<\/em>&nbsp;d&#039;un determinat domini introdu\u00efu parcialment o totalment l&#039;adre\u00e7a al camp&nbsp;<em>Buscar cookies<\/em>.<\/p>\n\n\n\n<p>Despr\u00e9s de realitzar aquest filtre apareixeran en pantalla una o diverses l\u00ednies amb les&nbsp;<em>cookies<\/em>&nbsp;de la web sol\u00b7licitada. Ara nom\u00e9s heu de seleccionar-la i pr\u00e9mer la&nbsp;<em>X<\/em>per procedir a eliminar-los.<\/p>\n\n\n\n<p>Per accedir a la configuraci\u00f3 de&nbsp;<em>cookies<\/em>&nbsp;del navegador&nbsp;<strong>Internet Explorer<\/strong>seguiu aquests passos (poden variar en funci\u00f3 de la versi\u00f3 del navegador):<\/p>\n\n\n\n<ul class=\"wp-block-list\">\n<li>Aneu a&nbsp;<em>Eines<\/em>,&nbsp;<em>Opcions d&#039;Internet<\/em><\/li>\n\n\n\n<li>Feu clic a&nbsp;<em>Privadesa<\/em>.<\/li>\n\n\n\n<li>Moveu el bot\u00f3 lliscant fins a ajustar el nivell de privadesa que vulgueu.<\/li>\n<\/ul>\n\n\n\n<p>Per accedir a la configuraci\u00f3 de&nbsp;<em>cookies<\/em>&nbsp;del navegador&nbsp;<strong>Firefox&nbsp;<\/strong>seguiu aquests passos (poden variar en funci\u00f3 de la versi\u00f3 del navegador):<\/p>\n\n\n\n<ul class=\"wp-block-list\">\n<li>Aneu a&nbsp;<em>Opcions<\/em>&nbsp;o&nbsp;<em>Prefer\u00e8ncies<\/em>&nbsp;segons el sistema operatiu.<\/li>\n\n\n\n<li>Feu clic a&nbsp;<em>Privadesa<\/em>.<\/li>\n\n\n\n<li>A&nbsp;<em>Historial<\/em>&nbsp;escolliu&nbsp;<em>Usar una configuraci\u00f3 personalitzada per a l&#039;historial<\/em>.<\/li>\n\n\n\n<li>Ara veureu l&#039;opci\u00f3&nbsp;<em>Acceptar cookies<\/em>, podeu activar-la o desactivar-la segons les vostres prefer\u00e8ncies.<\/li>\n<\/ul>\n\n\n\n<p>Per accedir a la configuraci\u00f3 de&nbsp;<em>cookies<\/em>&nbsp;del navegador&nbsp;<strong>Safari per a OSX<\/strong>seguiu aquests passos (poden variar en funci\u00f3 de la versi\u00f3 del navegador):<\/p>\n\n\n\n<ul class=\"wp-block-list\">\n<li>Aneu a&nbsp;<em>Prefer\u00e8ncies<\/em>, despr\u00e9s&nbsp;<em>Privadesa<\/em>.<\/li>\n\n\n\n<li>En aquest lloc veureu l&#039;opci\u00f3&nbsp;<em>Bloquejar galetes<\/em>&nbsp;perqu\u00e8 ajusteu el tipus de bloqueig que voleu realitzar.<\/li>\n<\/ul>\n\n\n\n<p>Per accedir a la configuraci\u00f3 de&nbsp;<em>cookies<\/em>&nbsp;del navegador&nbsp;<strong>Safari per a iOS<\/strong>seguiu aquests passos (poden variar en funci\u00f3 de la versi\u00f3 del navegador):<\/p>\n\n\n\n<ul class=\"wp-block-list\">\n<li>Aneu a&nbsp;<em>Ajustaments<\/em>, despr\u00e9s&nbsp;<em>Safari<\/em>.<\/li>\n\n\n\n<li>Aneu a&nbsp;<em>Privadesa i Seguretat<\/em>, veureu l&#039;opci\u00f3&nbsp;<em>Bloquejar galetes<\/em>&nbsp;perqu\u00e8 ajusteu el tipus de bloqueig que voleu realitzar.<\/li>\n<\/ul>\n\n\n\n<p>Per accedir a la configuraci\u00f3 de&nbsp;<em>cookies<\/em>&nbsp;del navegador per a dispositius&nbsp;<strong>Android<\/strong>&nbsp;seguiu aquests passos (poden variar en funci\u00f3 de la versi\u00f3 del navegador):<\/p>\n\n\n\n<ul class=\"wp-block-list\">\n<li>Executeu el navegador i premeu la tecla&nbsp;<em>Men\u00fa<\/em>, despr\u00e9s&nbsp;<em>Ajustaments<\/em>.<\/li>\n\n\n\n<li>Aneu a&nbsp;<em>Seguretat i Privadesa<\/em>, veureu l&#039;opci\u00f3&nbsp;<em>Acceptar cookies<\/em>&nbsp;perqu\u00e8 activeu o desactiveu la casella.<\/li>\n<\/ul>\n\n\n\n<p>Per accedir a la configuraci\u00f3 de&nbsp;<em>cookies<\/em>&nbsp;del navegador per a dispositius&nbsp;<strong>Windows Phone&nbsp;<\/strong>seguiu aquests passos (poden variar en funci\u00f3 de la versi\u00f3 del navegador):<\/p>\n\n\n\n<ul class=\"wp-block-list\">\n<li>Obriu&nbsp;<em>Internet Explorer<\/em>, despr\u00e9s&nbsp;<em>M\u00e9s<\/em>, despr\u00e9s&nbsp;<em>Configuraci\u00f3<\/em><\/li>\n\n\n\n<li>Ara podeu activar o desactivar la casella&nbsp;<em>Permetre cookies<\/em>.<\/li>\n<\/ul>\n<\/div><\/div>\n\n<\/div><\/div>","protected":false},"excerpt":{"rendered":"<p>Apartado 1 Una&nbsp;cookie&nbsp;es un peque\u00f1o fichero de texto que se almacena en su navegador cuando visita casi cualquier p\u00e1gina web. Su utilidad es que la web sea capaz de recordar su visita cuando vuelva a navegar por esa p\u00e1gina. Las&nbsp;cookies&nbsp;suelen almacenar informaci\u00f3n de car\u00e1cter t\u00e9cnico, preferencias personales, personalizaci\u00f3n de contenidos, estad\u00edsticas de uso, enlaces a&#8230;<\/p>","protected":false},"author":1,"featured_media":0,"parent":0,"menu_order":66,"comment_status":"closed","ping_status":"closed","template":"","meta":{"_kad_blocks_custom_css":"","_kad_blocks_head_custom_js":"","_kad_blocks_body_custom_js":"","_kad_blocks_footer_custom_js":"","_kad_post_transparent":"disable","_kad_post_title":"show","_kad_post_layout":"narrow","_kad_post_sidebar_id":"","_kad_post_content_style":"","_kad_post_vertical_padding":"","_kad_post_feature":"","_kad_post_feature_position":"","_kad_post_header":false,"_kad_post_footer":false,"_kad_post_classname":"","footnotes":""},"class_list":["post-781","page","type-page","status-publish","hentry"],"yoast_head":"<!-- This site is optimized with the Yoast SEO plugin v26.7 - https:\/\/yoast.com\/wordpress\/plugins\/seo\/ -->\n<title>Pol\u00edtica de Cookies - Aut\u00e8ntics Magatzems Serra<\/title>\n<meta name=\"robots\" content=\"index, follow, max-snippet:-1, max-image-preview:large, max-video-preview:-1\" \/>\n<link rel=\"canonical\" href=\"https:\/\/serracortinas.com\/ca\/politica-de-cookies\/\" \/>\n<meta property=\"og:locale\" content=\"ca_ES\" \/>\n<meta property=\"og:type\" content=\"article\" \/>\n<meta property=\"og:title\" content=\"Pol\u00edtica de Cookies - Aut\u00e8ntics Magatzems Serra\" \/>\n<meta property=\"og:description\" content=\"Apartado 1 Una&nbsp;cookie&nbsp;es un peque\u00f1o fichero de texto que se almacena en su navegador cuando visita casi cualquier p\u00e1gina web. Su utilidad es que la web sea capaz de recordar su visita cuando vuelva a navegar por esa p\u00e1gina. Las&nbsp;cookies&nbsp;suelen almacenar informaci\u00f3n de car\u00e1cter t\u00e9cnico, preferencias personales, personalizaci\u00f3n de contenidos, estad\u00edsticas de uso, enlaces a...\" \/>\n<meta property=\"og:url\" content=\"https:\/\/serracortinas.com\/ca\/politica-de-cookies\/\" \/>\n<meta property=\"og:site_name\" content=\"Aut\u00e8ntics Magatzems Serra\" \/>\n<meta property=\"article:modified_time\" content=\"2023-06-19T10:19:49+00:00\" \/>\n<meta name=\"twitter:card\" content=\"summary_large_image\" \/>\n<meta name=\"twitter:label1\" content=\"Temps estimat de lectura\" \/>\n\t<meta name=\"twitter:data1\" content=\"10 minuts\" \/>\n<script type=\"application\/ld+json\" class=\"yoast-schema-graph\">{\"@context\":\"https:\/\/schema.org\",\"@graph\":[{\"@type\":\"WebPage\",\"@id\":\"https:\/\/serracortinas.com\/politica-de-cookies\/\",\"url\":\"https:\/\/serracortinas.com\/politica-de-cookies\/\",\"name\":\"Pol\u00edtica de Cookies - Aut\u00e8ntics Magatzems Serra\",\"isPartOf\":{\"@id\":\"https:\/\/serracortinas.com\/#website\"},\"datePublished\":\"2023-06-07T15:47:32+00:00\",\"dateModified\":\"2023-06-19T10:19:49+00:00\",\"breadcrumb\":{\"@id\":\"https:\/\/serracortinas.com\/politica-de-cookies\/#breadcrumb\"},\"inLanguage\":\"ca\",\"potentialAction\":[{\"@type\":\"ReadAction\",\"target\":[\"https:\/\/serracortinas.com\/politica-de-cookies\/\"]}]},{\"@type\":\"BreadcrumbList\",\"@id\":\"https:\/\/serracortinas.com\/politica-de-cookies\/#breadcrumb\",\"itemListElement\":[{\"@type\":\"ListItem\",\"position\":1,\"name\":\"Portada\",\"item\":\"https:\/\/serracortinas.com\/\"},{\"@type\":\"ListItem\",\"position\":2,\"name\":\"Pol\u00edtica de Cookies\"}]},{\"@type\":\"WebSite\",\"@id\":\"https:\/\/serracortinas.com\/#website\",\"url\":\"https:\/\/serracortinas.com\/\",\"name\":\"Aut\u00e8ntics Magatzems Serra\",\"description\":\"Cortinas t\u00e9cnicas, funcionalidad y dise\u00f1o\",\"publisher\":{\"@id\":\"https:\/\/serracortinas.com\/#organization\"},\"potentialAction\":[{\"@type\":\"SearchAction\",\"target\":{\"@type\":\"EntryPoint\",\"urlTemplate\":\"https:\/\/serracortinas.com\/?s={search_term_string}\"},\"query-input\":{\"@type\":\"PropertyValueSpecification\",\"valueRequired\":true,\"valueName\":\"search_term_string\"}}],\"inLanguage\":\"ca\"},{\"@type\":\"Organization\",\"@id\":\"https:\/\/serracortinas.com\/#organization\",\"name\":\"Aut\u00e8ntics Magatzems Serra\",\"url\":\"https:\/\/serracortinas.com\/\",\"logo\":{\"@type\":\"ImageObject\",\"inLanguage\":\"ca\",\"@id\":\"https:\/\/serracortinas.com\/#\/schema\/logo\/image\/\",\"url\":\"https:\/\/serracortinas.com\/wp-content\/uploads\/2023\/10\/logo.png\",\"contentUrl\":\"https:\/\/serracortinas.com\/wp-content\/uploads\/2023\/10\/logo.png\",\"width\":2048,\"height\":753,\"caption\":\"Aut\u00e8ntics Magatzems Serra\"},\"image\":{\"@id\":\"https:\/\/serracortinas.com\/#\/schema\/logo\/image\/\"}}]}<\/script>\n<!-- \/ Yoast SEO plugin. -->","yoast_head_json":{"title":"Pol\u00edtica de Cookies - Aut\u00e8ntics Magatzems Serra","robots":{"index":"index","follow":"follow","max-snippet":"max-snippet:-1","max-image-preview":"max-image-preview:large","max-video-preview":"max-video-preview:-1"},"canonical":"https:\/\/serracortinas.com\/ca\/politica-de-cookies\/","og_locale":"ca_ES","og_type":"article","og_title":"Pol\u00edtica de Cookies - Aut\u00e8ntics Magatzems Serra","og_description":"Apartado 1 Una&nbsp;cookie&nbsp;es un peque\u00f1o fichero de texto que se almacena en su navegador cuando visita casi cualquier p\u00e1gina web. Su utilidad es que la web sea capaz de recordar su visita cuando vuelva a navegar por esa p\u00e1gina. Las&nbsp;cookies&nbsp;suelen almacenar informaci\u00f3n de car\u00e1cter t\u00e9cnico, preferencias personales, personalizaci\u00f3n de contenidos, estad\u00edsticas de uso, enlaces a...","og_url":"https:\/\/serracortinas.com\/ca\/politica-de-cookies\/","og_site_name":"Aut\u00e8ntics Magatzems Serra","article_modified_time":"2023-06-19T10:19:49+00:00","twitter_card":"summary_large_image","twitter_misc":{"Temps estimat de lectura":"10 minuts"},"schema":{"@context":"https:\/\/schema.org","@graph":[{"@type":"WebPage","@id":"https:\/\/serracortinas.com\/politica-de-cookies\/","url":"https:\/\/serracortinas.com\/politica-de-cookies\/","name":"Pol\u00edtica de Cookies - Aut\u00e8ntics Magatzems Serra","isPartOf":{"@id":"https:\/\/serracortinas.com\/#website"},"datePublished":"2023-06-07T15:47:32+00:00","dateModified":"2023-06-19T10:19:49+00:00","breadcrumb":{"@id":"https:\/\/serracortinas.com\/politica-de-cookies\/#breadcrumb"},"inLanguage":"ca","potentialAction":[{"@type":"ReadAction","target":["https:\/\/serracortinas.com\/politica-de-cookies\/"]}]},{"@type":"BreadcrumbList","@id":"https:\/\/serracortinas.com\/politica-de-cookies\/#breadcrumb","itemListElement":[{"@type":"ListItem","position":1,"name":"Portada","item":"https:\/\/serracortinas.com\/"},{"@type":"ListItem","position":2,"name":"Pol\u00edtica de Cookies"}]},{"@type":"WebSite","@id":"https:\/\/serracortinas.com\/#website","url":"https:\/\/serracortinas.com\/","name":"Aut\u00e8ntics Magatzems Serra","description":"Cortines t\u00e8cniques, funcionalitat i disseny","publisher":{"@id":"https:\/\/serracortinas.com\/#organization"},"potentialAction":[{"@type":"SearchAction","target":{"@type":"EntryPoint","urlTemplate":"https:\/\/serracortinas.com\/?s={search_term_string}"},"query-input":{"@type":"PropertyValueSpecification","valueRequired":true,"valueName":"search_term_string"}}],"inLanguage":"ca"},{"@type":"Organization","@id":"https:\/\/serracortinas.com\/#organization","name":"Aut\u00e8ntics Magatzems Serra","url":"https:\/\/serracortinas.com\/","logo":{"@type":"ImageObject","inLanguage":"ca","@id":"https:\/\/serracortinas.com\/#\/schema\/logo\/image\/","url":"https:\/\/serracortinas.com\/wp-content\/uploads\/2023\/10\/logo.png","contentUrl":"https:\/\/serracortinas.com\/wp-content\/uploads\/2023\/10\/logo.png","width":2048,"height":753,"caption":"Aut\u00e8ntics Magatzems Serra"},"image":{"@id":"https:\/\/serracortinas.com\/#\/schema\/logo\/image\/"}}]}},"taxonomy_info":[],"featured_image_src_large":false,"author_info":{"display_name":"eloi","author_link":"https:\/\/serracortinas.com\/ca\/author\/eloi\/"},"comment_info":0,"_links":{"self":[{"href":"https:\/\/serracortinas.com\/ca\/wp-json\/wp\/v2\/pages\/781","targetHints":{"allow":["GET"]}}],"collection":[{"href":"https:\/\/serracortinas.com\/ca\/wp-json\/wp\/v2\/pages"}],"about":[{"href":"https:\/\/serracortinas.com\/ca\/wp-json\/wp\/v2\/types\/page"}],"author":[{"embeddable":true,"href":"https:\/\/serracortinas.com\/ca\/wp-json\/wp\/v2\/users\/1"}],"replies":[{"embeddable":true,"href":"https:\/\/serracortinas.com\/ca\/wp-json\/wp\/v2\/comments?post=781"}],"version-history":[{"count":0,"href":"https:\/\/serracortinas.com\/ca\/wp-json\/wp\/v2\/pages\/781\/revisions"}],"wp:attachment":[{"href":"https:\/\/serracortinas.com\/ca\/wp-json\/wp\/v2\/media?parent=781"}],"curies":[{"name":"wp","href":"https:\/\/api.w.org\/{rel}","templated":true}]}}